{"id":10636,"date":"2025-11-14T20:53:06","date_gmt":"2025-11-14T20:53:06","guid":{"rendered":"https:\/\/letempsjadisauction.com\/?post_type=product&#038;p=10636"},"modified":"2025-11-14T20:53:06","modified_gmt":"2025-11-14T20:53:06","slug":"7-lalique-france-flacon-a-parfum","status":"publish","type":"product","link":"https:\/\/letempsjadisauction.com\/en\/auction\/7-lalique-france-flacon-a-parfum\/","title":{"rendered":"7. Lalique France \u2014 flacon \u00e0 parfum"},"content":{"rendered":"<p>7. Auteur : Lalique France | Titre : flacon \u00e0 parfum | Signature : grav\u00e9 sous la base | Mat\u00e9riaux : cristal d\u00e9poli | Dimensions : 13 x 13 cm | \u00c9tat : 1 \u00e9clat sous la base<\/p>","protected":false},"excerpt":{"rendered":"<p>Lalique France \u2014 flacon \u00e0 parfum<\/p>","protected":false},"featured_media":9362,"template":"","meta":{"_acf_changed":false,"inline_featured_image":false},"online_sale":[64],"product_brand":[],"product_cat":[18],"product_tag":[],"class_list":{"0":"post-10636","1":"product","2":"type-product","3":"status-publish","4":"has-post-thumbnail","6":"online_sale-novembre-2025","7":"product_cat-non-classe","9":"first","10":"instock","11":"shipping-taxable","12":"purchasable","13":"product-type-auction"},"acf":[],"_links":{"self":[{"href":"https:\/\/letempsjadisauction.com\/en\/wp-json\/wp\/v2\/product\/10636","targetHints":{"allow":["GET"]}}],"collection":[{"href":"https:\/\/letempsjadisauction.com\/en\/wp-json\/wp\/v2\/product"}],"about":[{"href":"https:\/\/letempsjadisauction.com\/en\/wp-json\/wp\/v2\/types\/product"}],"wp:featuredmedia":[{"embeddable":true,"href":"https:\/\/letempsjadisauction.com\/en\/wp-json\/wp\/v2\/media\/9362"}],"wp:attachment":[{"href":"https:\/\/letempsjadisauction.com\/en\/wp-json\/wp\/v2\/media?parent=10636"}],"wp:term":[{"taxonomy":"online_sale","embeddable":true,"href":"https:\/\/letempsjadisauction.com\/en\/wp-json\/wp\/v2\/online_sale?post=10636"},{"taxonomy":"product_brand","embeddable":true,"href":"https:\/\/letempsjadisauction.com\/en\/wp-json\/wp\/v2\/product_brand?post=10636"},{"taxonomy":"product_cat","embeddable":true,"href":"https:\/\/letempsjadisauction.com\/en\/wp-json\/wp\/v2\/product_cat?post=10636"},{"taxonomy":"product_tag","embeddable":true,"href":"https:\/\/letempsjadisauction.com\/en\/wp-json\/wp\/v2\/product_tag?post=10636"}],"curies":[{"name":"wp","href":"https:\/\/api.w.org\/{rel}","templated":true}]}}