{"id":10637,"date":"2025-11-14T20:53:06","date_gmt":"2025-11-14T20:53:06","guid":{"rendered":"https:\/\/letempsjadisauction.com\/?post_type=product&#038;p=10637"},"modified":"2025-11-14T20:53:06","modified_gmt":"2025-11-14T20:53:06","slug":"8-samuel-herman-val-saint-lambert-bouteille","status":"publish","type":"product","link":"https:\/\/letempsjadisauction.com\/en\/auction\/8-samuel-herman-val-saint-lambert-bouteille\/","title":{"rendered":"8. Samuel Herman, Val Saint Lambert \u2014 bouteille"},"content":{"rendered":"<p>8. Auteur : Samuel Herman, Val Saint Lambert | Titre : bouteille | Signature : grav\u00e9e sous la base et \u00e9tiquette VSL | Mat\u00e9riaux : verre | Dimensions : 24 x 13 x 8 cm | \u00c9tat : tr\u00e8s bon \u00e9tat<\/p>","protected":false},"excerpt":{"rendered":"<p>Samuel Herman, Val Saint Lambert \u2014 bouteille<\/p>","protected":false},"featured_media":9365,"template":"","meta":{"_acf_changed":false,"inline_featured_image":false},"online_sale":[64],"product_brand":[],"product_cat":[18],"product_tag":[],"class_list":{"0":"post-10637","1":"product","2":"type-product","3":"status-publish","4":"has-post-thumbnail","6":"online_sale-novembre-2025","7":"product_cat-non-classe","9":"first","10":"instock","11":"shipping-taxable","12":"purchasable","13":"product-type-auction"},"acf":[],"_links":{"self":[{"href":"https:\/\/letempsjadisauction.com\/en\/wp-json\/wp\/v2\/product\/10637","targetHints":{"allow":["GET"]}}],"collection":[{"href":"https:\/\/letempsjadisauction.com\/en\/wp-json\/wp\/v2\/product"}],"about":[{"href":"https:\/\/letempsjadisauction.com\/en\/wp-json\/wp\/v2\/types\/product"}],"wp:featuredmedia":[{"embeddable":true,"href":"https:\/\/letempsjadisauction.com\/en\/wp-json\/wp\/v2\/media\/9365"}],"wp:attachment":[{"href":"https:\/\/letempsjadisauction.com\/en\/wp-json\/wp\/v2\/media?parent=10637"}],"wp:term":[{"taxonomy":"online_sale","embeddable":true,"href":"https:\/\/letempsjadisauction.com\/en\/wp-json\/wp\/v2\/online_sale?post=10637"},{"taxonomy":"product_brand","embeddable":true,"href":"https:\/\/letempsjadisauction.com\/en\/wp-json\/wp\/v2\/product_brand?post=10637"},{"taxonomy":"product_cat","embeddable":true,"href":"https:\/\/letempsjadisauction.com\/en\/wp-json\/wp\/v2\/product_cat?post=10637"},{"taxonomy":"product_tag","embeddable":true,"href":"https:\/\/letempsjadisauction.com\/en\/wp-json\/wp\/v2\/product_tag?post=10637"}],"curies":[{"name":"wp","href":"https:\/\/api.w.org\/{rel}","templated":true}]}}