{"id":10638,"date":"2025-11-14T20:53:06","date_gmt":"2025-11-14T20:53:06","guid":{"rendered":"https:\/\/letempsjadisauction.com\/?post_type=product&#038;p=10638"},"modified":"2025-11-19T17:28:25","modified_gmt":"2025-11-19T17:28:25","slug":"9-muller-vase-aux-clematites","status":"publish","type":"product","link":"https:\/\/letempsjadisauction.com\/en\/auction\/9-muller-vase-aux-clematites\/","title":{"rendered":"9. Muller \u2014 vase aux cl\u00e9matites"},"content":{"rendered":"<p>9. Auteur : Muller | Titre : vase aux cl\u00e9matites | Signature : Muller fres luneville | Mat\u00e9riaux : verre multicouche d\u00e9gag\u00e9 \u00e0 l\u2019acide | Dimensions : 17,5 x 14 cm | \u00c9tat : 1 coup<\/p>","protected":false},"excerpt":{"rendered":"<p>Muller \u2014 vase aux cl\u00e9matites<\/p>","protected":false},"featured_media":9371,"template":"","meta":{"_acf_changed":false,"inline_featured_image":false},"online_sale":[64],"product_brand":[],"product_cat":[18],"product_tag":[],"class_list":{"0":"post-10638","1":"product","2":"type-product","3":"status-publish","4":"has-post-thumbnail","6":"online_sale-novembre-2025","7":"product_cat-non-classe","9":"first","10":"instock","11":"shipping-taxable","12":"purchasable","13":"product-type-auction"},"acf":[],"_links":{"self":[{"href":"https:\/\/letempsjadisauction.com\/en\/wp-json\/wp\/v2\/product\/10638","targetHints":{"allow":["GET"]}}],"collection":[{"href":"https:\/\/letempsjadisauction.com\/en\/wp-json\/wp\/v2\/product"}],"about":[{"href":"https:\/\/letempsjadisauction.com\/en\/wp-json\/wp\/v2\/types\/product"}],"wp:featuredmedia":[{"embeddable":true,"href":"https:\/\/letempsjadisauction.com\/en\/wp-json\/wp\/v2\/media\/9371"}],"wp:attachment":[{"href":"https:\/\/letempsjadisauction.com\/en\/wp-json\/wp\/v2\/media?parent=10638"}],"wp:term":[{"taxonomy":"online_sale","embeddable":true,"href":"https:\/\/letempsjadisauction.com\/en\/wp-json\/wp\/v2\/online_sale?post=10638"},{"taxonomy":"product_brand","embeddable":true,"href":"https:\/\/letempsjadisauction.com\/en\/wp-json\/wp\/v2\/product_brand?post=10638"},{"taxonomy":"product_cat","embeddable":true,"href":"https:\/\/letempsjadisauction.com\/en\/wp-json\/wp\/v2\/product_cat?post=10638"},{"taxonomy":"product_tag","embeddable":true,"href":"https:\/\/letempsjadisauction.com\/en\/wp-json\/wp\/v2\/product_tag?post=10638"}],"curies":[{"name":"wp","href":"https:\/\/api.w.org\/{rel}","templated":true}]}}