{"id":10674,"date":"2025-11-14T20:54:01","date_gmt":"2025-11-14T20:54:01","guid":{"rendered":"https:\/\/letempsjadisauction.com\/?post_type=product&#038;p=10674"},"modified":"2025-11-14T20:54:01","modified_gmt":"2025-11-14T20:54:01","slug":"45-matsionasson-chat","status":"publish","type":"product","link":"https:\/\/letempsjadisauction.com\/en\/auction\/45-matsionasson-chat\/","title":{"rendered":"45. Matsionasson ? \u2014 chat"},"content":{"rendered":"<p>45. Auteur : Matsionasson ? su\u00e8de | Titre : chat | Signature : grav\u00e9 sous la base | Mat\u00e9riaux : verre | Dimensions : 11 x 7 cm | \u00c9tat : tr\u00e8s bon \u00e9tat<\/p>","protected":false},"excerpt":{"rendered":"<p>Matsionasson ? \u2014  -chat<\/p>","protected":false},"featured_media":9482,"template":"","meta":{"_acf_changed":false,"inline_featured_image":false},"online_sale":[64],"product_brand":[],"product_cat":[18],"product_tag":[],"class_list":{"0":"post-10674","1":"product","2":"type-product","3":"status-publish","4":"has-post-thumbnail","6":"online_sale-novembre-2025","7":"product_cat-non-classe","9":"first","10":"instock","11":"shipping-taxable","12":"purchasable","13":"product-type-auction"},"acf":[],"_links":{"self":[{"href":"https:\/\/letempsjadisauction.com\/en\/wp-json\/wp\/v2\/product\/10674","targetHints":{"allow":["GET"]}}],"collection":[{"href":"https:\/\/letempsjadisauction.com\/en\/wp-json\/wp\/v2\/product"}],"about":[{"href":"https:\/\/letempsjadisauction.com\/en\/wp-json\/wp\/v2\/types\/product"}],"wp:featuredmedia":[{"embeddable":true,"href":"https:\/\/letempsjadisauction.com\/en\/wp-json\/wp\/v2\/media\/9482"}],"wp:attachment":[{"href":"https:\/\/letempsjadisauction.com\/en\/wp-json\/wp\/v2\/media?parent=10674"}],"wp:term":[{"taxonomy":"online_sale","embeddable":true,"href":"https:\/\/letempsjadisauction.com\/en\/wp-json\/wp\/v2\/online_sale?post=10674"},{"taxonomy":"product_brand","embeddable":true,"href":"https:\/\/letempsjadisauction.com\/en\/wp-json\/wp\/v2\/product_brand?post=10674"},{"taxonomy":"product_cat","embeddable":true,"href":"https:\/\/letempsjadisauction.com\/en\/wp-json\/wp\/v2\/product_cat?post=10674"},{"taxonomy":"product_tag","embeddable":true,"href":"https:\/\/letempsjadisauction.com\/en\/wp-json\/wp\/v2\/product_tag?post=10674"}],"curies":[{"name":"wp","href":"https:\/\/api.w.org\/{rel}","templated":true}]}}