{"id":10688,"date":"2025-11-14T20:54:04","date_gmt":"2025-11-14T20:54:04","guid":{"rendered":"https:\/\/letempsjadisauction.com\/?post_type=product&#038;p=10688"},"modified":"2025-11-14T20:54:04","modified_gmt":"2025-11-14T20:54:04","slug":"59-anonyme-cendrier-a-motif-de-fleur","status":"publish","type":"product","link":"https:\/\/letempsjadisauction.com\/en\/auction\/59-anonyme-cendrier-a-motif-de-fleur\/","title":{"rendered":"59. Anonyme \u2014 cendrier \u00e0 motif de fleur"},"content":{"rendered":"<p>59. Auteur : anonyme | Titre : cendrier \u00e0 motif de fleur | Signature : non | Mat\u00e9riaux : verre | Dimensions : 11 cm | \u00c9tat : tr\u00e8s bon \u00e9tat<\/p>","protected":false},"excerpt":{"rendered":"<p>anonyme \u2014 cendrier \u00e0 motif de fleur<\/p>","protected":false},"featured_media":9521,"template":"","meta":{"_acf_changed":false,"inline_featured_image":false},"online_sale":[64],"product_brand":[],"product_cat":[18],"product_tag":[],"class_list":{"0":"post-10688","1":"product","2":"type-product","3":"status-publish","4":"has-post-thumbnail","6":"online_sale-novembre-2025","7":"product_cat-non-classe","9":"first","10":"instock","11":"shipping-taxable","12":"purchasable","13":"product-type-auction"},"acf":[],"_links":{"self":[{"href":"https:\/\/letempsjadisauction.com\/en\/wp-json\/wp\/v2\/product\/10688","targetHints":{"allow":["GET"]}}],"collection":[{"href":"https:\/\/letempsjadisauction.com\/en\/wp-json\/wp\/v2\/product"}],"about":[{"href":"https:\/\/letempsjadisauction.com\/en\/wp-json\/wp\/v2\/types\/product"}],"wp:featuredmedia":[{"embeddable":true,"href":"https:\/\/letempsjadisauction.com\/en\/wp-json\/wp\/v2\/media\/9521"}],"wp:attachment":[{"href":"https:\/\/letempsjadisauction.com\/en\/wp-json\/wp\/v2\/media?parent=10688"}],"wp:term":[{"taxonomy":"online_sale","embeddable":true,"href":"https:\/\/letempsjadisauction.com\/en\/wp-json\/wp\/v2\/online_sale?post=10688"},{"taxonomy":"product_brand","embeddable":true,"href":"https:\/\/letempsjadisauction.com\/en\/wp-json\/wp\/v2\/product_brand?post=10688"},{"taxonomy":"product_cat","embeddable":true,"href":"https:\/\/letempsjadisauction.com\/en\/wp-json\/wp\/v2\/product_cat?post=10688"},{"taxonomy":"product_tag","embeddable":true,"href":"https:\/\/letempsjadisauction.com\/en\/wp-json\/wp\/v2\/product_tag?post=10688"}],"curies":[{"name":"wp","href":"https:\/\/api.w.org\/{rel}","templated":true}]}}