{"id":10690,"date":"2025-11-14T20:54:05","date_gmt":"2025-11-14T20:54:05","guid":{"rendered":"https:\/\/letempsjadisauction.com\/?post_type=product&#038;p=10690"},"modified":"2025-11-14T20:54:05","modified_gmt":"2025-11-14T20:54:05","slug":"61-carven-gerard-mansot-flacon-de-parfum","status":"publish","type":"product","link":"https:\/\/letempsjadisauction.com\/en\/auction\/61-carven-gerard-mansot-flacon-de-parfum\/","title":{"rendered":"61. Carven \/ G\u00e9rard Mansot \u2014 flacon de parfum"},"content":{"rendered":"<p>61. Auteur : Carven \/ G\u00e9rard Mansot | Titre : flacon de parfum | Signature : non | Mat\u00e9riaux : plastique et verre | Dimensions : \u2014 | \u00c9tat : l\u00e9g\u00e8re d\u00e9formation du plastique<\/p>","protected":false},"excerpt":{"rendered":"<p>Carven \/ G\u00e9rard Mansot \u2014 flacon de parfum<\/p>","protected":false},"featured_media":9528,"template":"","meta":{"_acf_changed":false,"inline_featured_image":false},"online_sale":[64],"product_brand":[],"product_cat":[18],"product_tag":[],"class_list":{"0":"post-10690","1":"product","2":"type-product","3":"status-publish","4":"has-post-thumbnail","6":"online_sale-novembre-2025","7":"product_cat-non-classe","9":"first","10":"instock","11":"shipping-taxable","12":"purchasable","13":"product-type-auction"},"acf":[],"_links":{"self":[{"href":"https:\/\/letempsjadisauction.com\/en\/wp-json\/wp\/v2\/product\/10690","targetHints":{"allow":["GET"]}}],"collection":[{"href":"https:\/\/letempsjadisauction.com\/en\/wp-json\/wp\/v2\/product"}],"about":[{"href":"https:\/\/letempsjadisauction.com\/en\/wp-json\/wp\/v2\/types\/product"}],"wp:featuredmedia":[{"embeddable":true,"href":"https:\/\/letempsjadisauction.com\/en\/wp-json\/wp\/v2\/media\/9528"}],"wp:attachment":[{"href":"https:\/\/letempsjadisauction.com\/en\/wp-json\/wp\/v2\/media?parent=10690"}],"wp:term":[{"taxonomy":"online_sale","embeddable":true,"href":"https:\/\/letempsjadisauction.com\/en\/wp-json\/wp\/v2\/online_sale?post=10690"},{"taxonomy":"product_brand","embeddable":true,"href":"https:\/\/letempsjadisauction.com\/en\/wp-json\/wp\/v2\/product_brand?post=10690"},{"taxonomy":"product_cat","embeddable":true,"href":"https:\/\/letempsjadisauction.com\/en\/wp-json\/wp\/v2\/product_cat?post=10690"},{"taxonomy":"product_tag","embeddable":true,"href":"https:\/\/letempsjadisauction.com\/en\/wp-json\/wp\/v2\/product_tag?post=10690"}],"curies":[{"name":"wp","href":"https:\/\/api.w.org\/{rel}","templated":true}]}}