{"id":10703,"date":"2025-11-14T20:54:25","date_gmt":"2025-11-14T20:54:25","guid":{"rendered":"https:\/\/letempsjadisauction.com\/?post_type=product&#038;p=10703"},"modified":"2025-11-14T20:54:25","modified_gmt":"2025-11-14T20:54:25","slug":"74-val-saint-lambert-flacon-a-parfum","status":"publish","type":"product","link":"https:\/\/letempsjadisauction.com\/en\/auction\/74-val-saint-lambert-flacon-a-parfum\/","title":{"rendered":"74. Val Saint Lambert \u2014 flacon \u00e0 parfum"},"content":{"rendered":"<p>74. Auteur : Val Saint Lambert | Titre : flacon \u00e0 parfum | Signature : sign\u00e9 sous la base et \u00e9tiquette | Mat\u00e9riaux : cristal | Dimensions : \u2014 | \u00c9tat : tr\u00e8s bon \u00e9tat<\/p>","protected":false},"excerpt":{"rendered":"<p>Val Saint Lambert \u2014 flacon \u00e0 parfum<\/p>","protected":false},"featured_media":9564,"template":"","meta":{"_acf_changed":false,"inline_featured_image":false},"online_sale":[64],"product_brand":[],"product_cat":[18],"product_tag":[],"class_list":{"0":"post-10703","1":"product","2":"type-product","3":"status-publish","4":"has-post-thumbnail","6":"online_sale-novembre-2025","7":"product_cat-non-classe","9":"first","10":"instock","11":"shipping-taxable","12":"purchasable","13":"product-type-auction"},"acf":[],"_links":{"self":[{"href":"https:\/\/letempsjadisauction.com\/en\/wp-json\/wp\/v2\/product\/10703","targetHints":{"allow":["GET"]}}],"collection":[{"href":"https:\/\/letempsjadisauction.com\/en\/wp-json\/wp\/v2\/product"}],"about":[{"href":"https:\/\/letempsjadisauction.com\/en\/wp-json\/wp\/v2\/types\/product"}],"wp:featuredmedia":[{"embeddable":true,"href":"https:\/\/letempsjadisauction.com\/en\/wp-json\/wp\/v2\/media\/9564"}],"wp:attachment":[{"href":"https:\/\/letempsjadisauction.com\/en\/wp-json\/wp\/v2\/media?parent=10703"}],"wp:term":[{"taxonomy":"online_sale","embeddable":true,"href":"https:\/\/letempsjadisauction.com\/en\/wp-json\/wp\/v2\/online_sale?post=10703"},{"taxonomy":"product_brand","embeddable":true,"href":"https:\/\/letempsjadisauction.com\/en\/wp-json\/wp\/v2\/product_brand?post=10703"},{"taxonomy":"product_cat","embeddable":true,"href":"https:\/\/letempsjadisauction.com\/en\/wp-json\/wp\/v2\/product_cat?post=10703"},{"taxonomy":"product_tag","embeddable":true,"href":"https:\/\/letempsjadisauction.com\/en\/wp-json\/wp\/v2\/product_tag?post=10703"}],"curies":[{"name":"wp","href":"https:\/\/api.w.org\/{rel}","templated":true}]}}