{"id":10707,"date":"2025-11-14T20:54:24","date_gmt":"2025-11-14T20:54:24","guid":{"rendered":"https:\/\/letempsjadisauction.com\/?post_type=product&#038;p=10707"},"modified":"2025-11-14T20:54:24","modified_gmt":"2025-11-14T20:54:24","slug":"78-nina-ricci-lalique-coeur-joie","status":"publish","type":"product","link":"https:\/\/letempsjadisauction.com\/en\/auction\/78-nina-ricci-lalique-coeur-joie\/","title":{"rendered":"78. Nina Ricci \/ Lalique \u2014 C\u0153ur Joie"},"content":{"rendered":"<p>78. Auteur : Nina Ricci \/ Lalique | Titre : C\u0153ur Joie | Signature : \u00e9tiquette sous la base signature grav\u00e9e num\u00e9rot\u00e9 3128 | Mat\u00e9riaux : cristal | Dimensions : \u2014 | \u00c9tat : tr\u00e8s bon \u00e9tat<\/p>","protected":false},"excerpt":{"rendered":"<p>Nina Ricci \/ Lalique \u2014 C\u0153ur Joie<\/p>","protected":false},"featured_media":9576,"template":"","meta":{"_acf_changed":false,"inline_featured_image":false},"online_sale":[64],"product_brand":[],"product_cat":[18],"product_tag":[],"class_list":{"0":"post-10707","1":"product","2":"type-product","3":"status-publish","4":"has-post-thumbnail","6":"online_sale-novembre-2025","7":"product_cat-non-classe","9":"first","10":"instock","11":"shipping-taxable","12":"purchasable","13":"product-type-auction"},"acf":[],"_links":{"self":[{"href":"https:\/\/letempsjadisauction.com\/en\/wp-json\/wp\/v2\/product\/10707","targetHints":{"allow":["GET"]}}],"collection":[{"href":"https:\/\/letempsjadisauction.com\/en\/wp-json\/wp\/v2\/product"}],"about":[{"href":"https:\/\/letempsjadisauction.com\/en\/wp-json\/wp\/v2\/types\/product"}],"wp:featuredmedia":[{"embeddable":true,"href":"https:\/\/letempsjadisauction.com\/en\/wp-json\/wp\/v2\/media\/9576"}],"wp:attachment":[{"href":"https:\/\/letempsjadisauction.com\/en\/wp-json\/wp\/v2\/media?parent=10707"}],"wp:term":[{"taxonomy":"online_sale","embeddable":true,"href":"https:\/\/letempsjadisauction.com\/en\/wp-json\/wp\/v2\/online_sale?post=10707"},{"taxonomy":"product_brand","embeddable":true,"href":"https:\/\/letempsjadisauction.com\/en\/wp-json\/wp\/v2\/product_brand?post=10707"},{"taxonomy":"product_cat","embeddable":true,"href":"https:\/\/letempsjadisauction.com\/en\/wp-json\/wp\/v2\/product_cat?post=10707"},{"taxonomy":"product_tag","embeddable":true,"href":"https:\/\/letempsjadisauction.com\/en\/wp-json\/wp\/v2\/product_tag?post=10707"}],"curies":[{"name":"wp","href":"https:\/\/api.w.org\/{rel}","templated":true}]}}