{"id":10725,"date":"2025-11-14T20:54:48","date_gmt":"2025-11-14T20:54:48","guid":{"rendered":"https:\/\/letempsjadisauction.com\/?post_type=product&#038;p=10725"},"modified":"2025-11-14T20:54:48","modified_gmt":"2025-11-14T20:54:48","slug":"96-guerlain-jicky","status":"publish","type":"product","link":"https:\/\/letempsjadisauction.com\/en\/auction\/96-guerlain-jicky\/","title":{"rendered":"96. Guerlain \u2014 Jicky"},"content":{"rendered":"<p>96. Auteur : Guerlain | Titre : Jicky | Signature : \u2014 | Mat\u00e9riaux : verre | Dimensions : \u2014 | \u00c9tat : tr\u00e8s bon \u00e9tat<\/p>","protected":false},"excerpt":{"rendered":"<p>Guerlain \u2014 Jicky<\/p>","protected":false},"featured_media":9625,"template":"","meta":{"_acf_changed":false,"inline_featured_image":false},"online_sale":[64],"product_brand":[],"product_cat":[18],"product_tag":[],"class_list":{"0":"post-10725","1":"product","2":"type-product","3":"status-publish","4":"has-post-thumbnail","6":"online_sale-novembre-2025","7":"product_cat-non-classe","9":"first","10":"instock","11":"shipping-taxable","12":"purchasable","13":"product-type-auction"},"acf":[],"_links":{"self":[{"href":"https:\/\/letempsjadisauction.com\/en\/wp-json\/wp\/v2\/product\/10725","targetHints":{"allow":["GET"]}}],"collection":[{"href":"https:\/\/letempsjadisauction.com\/en\/wp-json\/wp\/v2\/product"}],"about":[{"href":"https:\/\/letempsjadisauction.com\/en\/wp-json\/wp\/v2\/types\/product"}],"wp:featuredmedia":[{"embeddable":true,"href":"https:\/\/letempsjadisauction.com\/en\/wp-json\/wp\/v2\/media\/9625"}],"wp:attachment":[{"href":"https:\/\/letempsjadisauction.com\/en\/wp-json\/wp\/v2\/media?parent=10725"}],"wp:term":[{"taxonomy":"online_sale","embeddable":true,"href":"https:\/\/letempsjadisauction.com\/en\/wp-json\/wp\/v2\/online_sale?post=10725"},{"taxonomy":"product_brand","embeddable":true,"href":"https:\/\/letempsjadisauction.com\/en\/wp-json\/wp\/v2\/product_brand?post=10725"},{"taxonomy":"product_cat","embeddable":true,"href":"https:\/\/letempsjadisauction.com\/en\/wp-json\/wp\/v2\/product_cat?post=10725"},{"taxonomy":"product_tag","embeddable":true,"href":"https:\/\/letempsjadisauction.com\/en\/wp-json\/wp\/v2\/product_tag?post=10725"}],"curies":[{"name":"wp","href":"https:\/\/api.w.org\/{rel}","templated":true}]}}