{"id":10769,"date":"2025-11-14T20:56:17","date_gmt":"2025-11-14T20:56:17","guid":{"rendered":"https:\/\/letempsjadisauction.com\/?post_type=product&#038;p=10769"},"modified":"2025-11-14T20:56:17","modified_gmt":"2025-11-14T20:56:17","slug":"140-anonyme-vaporisateur-a-parfum","status":"publish","type":"product","link":"https:\/\/letempsjadisauction.com\/en\/auction\/140-anonyme-vaporisateur-a-parfum\/","title":{"rendered":"140. Anonyme \u2014 vaporisateur \u00e0 parfum"},"content":{"rendered":"<p>140. Auteur : anonyme | Titre : Vaporisateur \u00e0 parfum | Signature : | Mat\u00e9riaux : | Dimensions : | \u00c9tat :<\/p>","protected":false},"excerpt":{"rendered":"<p>anonyme \u2014 Vaporisateur \u00e0 parfum<\/p>","protected":false},"featured_media":9728,"template":"","meta":{"_acf_changed":false,"inline_featured_image":false},"online_sale":[64],"product_brand":[],"product_cat":[18],"product_tag":[],"class_list":{"0":"post-10769","1":"product","2":"type-product","3":"status-publish","4":"has-post-thumbnail","6":"online_sale-novembre-2025","7":"product_cat-non-classe","9":"first","10":"instock","11":"shipping-taxable","12":"purchasable","13":"product-type-auction"},"acf":[],"_links":{"self":[{"href":"https:\/\/letempsjadisauction.com\/en\/wp-json\/wp\/v2\/product\/10769","targetHints":{"allow":["GET"]}}],"collection":[{"href":"https:\/\/letempsjadisauction.com\/en\/wp-json\/wp\/v2\/product"}],"about":[{"href":"https:\/\/letempsjadisauction.com\/en\/wp-json\/wp\/v2\/types\/product"}],"wp:featuredmedia":[{"embeddable":true,"href":"https:\/\/letempsjadisauction.com\/en\/wp-json\/wp\/v2\/media\/9728"}],"wp:attachment":[{"href":"https:\/\/letempsjadisauction.com\/en\/wp-json\/wp\/v2\/media?parent=10769"}],"wp:term":[{"taxonomy":"online_sale","embeddable":true,"href":"https:\/\/letempsjadisauction.com\/en\/wp-json\/wp\/v2\/online_sale?post=10769"},{"taxonomy":"product_brand","embeddable":true,"href":"https:\/\/letempsjadisauction.com\/en\/wp-json\/wp\/v2\/product_brand?post=10769"},{"taxonomy":"product_cat","embeddable":true,"href":"https:\/\/letempsjadisauction.com\/en\/wp-json\/wp\/v2\/product_cat?post=10769"},{"taxonomy":"product_tag","embeddable":true,"href":"https:\/\/letempsjadisauction.com\/en\/wp-json\/wp\/v2\/product_tag?post=10769"}],"curies":[{"name":"wp","href":"https:\/\/api.w.org\/{rel}","templated":true}]}}