{"id":10780,"date":"2025-11-14T20:56:37","date_gmt":"2025-11-14T20:56:37","guid":{"rendered":"https:\/\/letempsjadisauction.com\/?post_type=product&#038;p=10780"},"modified":"2025-11-14T20:56:37","modified_gmt":"2025-11-14T20:56:37","slug":"151-diderot-langres-couteau-annee-diderot-1784-1984","status":"publish","type":"product","link":"https:\/\/letempsjadisauction.com\/en\/auction\/151-diderot-langres-couteau-annee-diderot-1784-1984\/","title":{"rendered":"151. Diderot Langres \u2014 couteau ann\u00e9e Diderot 1784\u20131984"},"content":{"rendered":"<p>151. Auteur : Diderot Langres | Titre : couteau ann\u00e9e Diderot 1784-1984 | Signature : signature sur la lame| Mat\u00e9riaux : m\u00e9tal| Dimensions : | \u00c9tat :<\/p>","protected":false},"excerpt":{"rendered":"<p>Diderot Langres \u2014 couteau ann\u00e9e Diderot 1784\u20131984<\/p>","protected":false},"featured_media":9758,"template":"","meta":{"_acf_changed":false,"inline_featured_image":false},"online_sale":[64],"product_brand":[],"product_cat":[18],"product_tag":[],"class_list":{"0":"post-10780","1":"product","2":"type-product","3":"status-publish","4":"has-post-thumbnail","6":"online_sale-novembre-2025","7":"product_cat-non-classe","9":"first","10":"instock","11":"shipping-taxable","12":"purchasable","13":"product-type-auction"},"acf":[],"_links":{"self":[{"href":"https:\/\/letempsjadisauction.com\/en\/wp-json\/wp\/v2\/product\/10780","targetHints":{"allow":["GET"]}}],"collection":[{"href":"https:\/\/letempsjadisauction.com\/en\/wp-json\/wp\/v2\/product"}],"about":[{"href":"https:\/\/letempsjadisauction.com\/en\/wp-json\/wp\/v2\/types\/product"}],"wp:featuredmedia":[{"embeddable":true,"href":"https:\/\/letempsjadisauction.com\/en\/wp-json\/wp\/v2\/media\/9758"}],"wp:attachment":[{"href":"https:\/\/letempsjadisauction.com\/en\/wp-json\/wp\/v2\/media?parent=10780"}],"wp:term":[{"taxonomy":"online_sale","embeddable":true,"href":"https:\/\/letempsjadisauction.com\/en\/wp-json\/wp\/v2\/online_sale?post=10780"},{"taxonomy":"product_brand","embeddable":true,"href":"https:\/\/letempsjadisauction.com\/en\/wp-json\/wp\/v2\/product_brand?post=10780"},{"taxonomy":"product_cat","embeddable":true,"href":"https:\/\/letempsjadisauction.com\/en\/wp-json\/wp\/v2\/product_cat?post=10780"},{"taxonomy":"product_tag","embeddable":true,"href":"https:\/\/letempsjadisauction.com\/en\/wp-json\/wp\/v2\/product_tag?post=10780"}],"curies":[{"name":"wp","href":"https:\/\/api.w.org\/{rel}","templated":true}]}}