{"id":10784,"date":"2025-11-14T20:56:40","date_gmt":"2025-11-14T20:56:40","guid":{"rendered":"https:\/\/letempsjadisauction.com\/?post_type=product&#038;p=10784"},"modified":"2025-11-22T12:31:58","modified_gmt":"2025-11-22T12:31:58","slug":"155-couteau-gounel-lille","status":"publish","type":"product","link":"https:\/\/letempsjadisauction.com\/en\/auction\/155-couteau-gounel-lille\/","title":{"rendered":"155. Couteau Gounel Lille"},"content":{"rendered":"<p>155. Auteur : | Titre : couteau Gounel Lille | Signature : signature sur la lame| Mat\u00e9riaux : m\u00e9tal, corne| Dimensions : | \u00c9tat :<\/p>","protected":false},"excerpt":{"rendered":"<p>couteau Gounel Lille<\/p>","protected":false},"featured_media":9767,"template":"","meta":{"_acf_changed":false,"inline_featured_image":false},"online_sale":[64],"product_brand":[],"product_cat":[18],"product_tag":[],"class_list":{"0":"post-10784","1":"product","2":"type-product","3":"status-publish","4":"has-post-thumbnail","6":"online_sale-novembre-2025","7":"product_cat-non-classe","9":"first","10":"instock","11":"shipping-taxable","12":"purchasable","13":"product-type-auction"},"acf":[],"_links":{"self":[{"href":"https:\/\/letempsjadisauction.com\/en\/wp-json\/wp\/v2\/product\/10784","targetHints":{"allow":["GET"]}}],"collection":[{"href":"https:\/\/letempsjadisauction.com\/en\/wp-json\/wp\/v2\/product"}],"about":[{"href":"https:\/\/letempsjadisauction.com\/en\/wp-json\/wp\/v2\/types\/product"}],"wp:featuredmedia":[{"embeddable":true,"href":"https:\/\/letempsjadisauction.com\/en\/wp-json\/wp\/v2\/media\/9767"}],"wp:attachment":[{"href":"https:\/\/letempsjadisauction.com\/en\/wp-json\/wp\/v2\/media?parent=10784"}],"wp:term":[{"taxonomy":"online_sale","embeddable":true,"href":"https:\/\/letempsjadisauction.com\/en\/wp-json\/wp\/v2\/online_sale?post=10784"},{"taxonomy":"product_brand","embeddable":true,"href":"https:\/\/letempsjadisauction.com\/en\/wp-json\/wp\/v2\/product_brand?post=10784"},{"taxonomy":"product_cat","embeddable":true,"href":"https:\/\/letempsjadisauction.com\/en\/wp-json\/wp\/v2\/product_cat?post=10784"},{"taxonomy":"product_tag","embeddable":true,"href":"https:\/\/letempsjadisauction.com\/en\/wp-json\/wp\/v2\/product_tag?post=10784"}],"curies":[{"name":"wp","href":"https:\/\/api.w.org\/{rel}","templated":true}]}}