{"id":10804,"date":"2025-11-14T20:57:19","date_gmt":"2025-11-14T20:57:19","guid":{"rendered":"https:\/\/letempsjadisauction.com\/?post_type=product&#038;p=10804"},"modified":"2025-11-26T16:48:12","modified_gmt":"2025-11-26T16:48:12","slug":"175-baruch-elron-horloge-surrealiste-datee-1981","status":"publish","type":"product","link":"https:\/\/letempsjadisauction.com\/en\/auction\/175-baruch-elron-horloge-surrealiste-datee-1981\/","title":{"rendered":"175. Baruch Elron \u2014 horloge surr\u00e9aliste dat\u00e9e 1981"},"content":{"rendered":"<p>175. Auteur : Baruch Elron (1934-2006) | Titre : horloge surr\u00e9aliste dat\u00e9e 1981| Signature : au centre de l&rsquo;horloge | Mat\u00e9riaux : huile sur panneau| Dimensions : 61 x 61 cm, 80 x 80 cm encadr\u00e9 | \u00c9tat :<\/p>","protected":false},"excerpt":{"rendered":"<p>Baruch Elron \u2014 horloge surr\u00e9aliste dat\u00e9e 1981<\/p>","protected":false},"featured_media":9799,"template":"","meta":{"_acf_changed":false,"inline_featured_image":false},"online_sale":[64],"product_brand":[],"product_cat":[18],"product_tag":[],"class_list":{"0":"post-10804","1":"product","2":"type-product","3":"status-publish","4":"has-post-thumbnail","6":"online_sale-novembre-2025","7":"product_cat-non-classe","9":"first","10":"instock","11":"shipping-taxable","12":"purchasable","13":"product-type-auction"},"acf":[],"_links":{"self":[{"href":"https:\/\/letempsjadisauction.com\/en\/wp-json\/wp\/v2\/product\/10804","targetHints":{"allow":["GET"]}}],"collection":[{"href":"https:\/\/letempsjadisauction.com\/en\/wp-json\/wp\/v2\/product"}],"about":[{"href":"https:\/\/letempsjadisauction.com\/en\/wp-json\/wp\/v2\/types\/product"}],"wp:featuredmedia":[{"embeddable":true,"href":"https:\/\/letempsjadisauction.com\/en\/wp-json\/wp\/v2\/media\/9799"}],"wp:attachment":[{"href":"https:\/\/letempsjadisauction.com\/en\/wp-json\/wp\/v2\/media?parent=10804"}],"wp:term":[{"taxonomy":"online_sale","embeddable":true,"href":"https:\/\/letempsjadisauction.com\/en\/wp-json\/wp\/v2\/online_sale?post=10804"},{"taxonomy":"product_brand","embeddable":true,"href":"https:\/\/letempsjadisauction.com\/en\/wp-json\/wp\/v2\/product_brand?post=10804"},{"taxonomy":"product_cat","embeddable":true,"href":"https:\/\/letempsjadisauction.com\/en\/wp-json\/wp\/v2\/product_cat?post=10804"},{"taxonomy":"product_tag","embeddable":true,"href":"https:\/\/letempsjadisauction.com\/en\/wp-json\/wp\/v2\/product_tag?post=10804"}],"curies":[{"name":"wp","href":"https:\/\/api.w.org\/{rel}","templated":true}]}}