{"id":10805,"date":"2025-11-14T20:57:19","date_gmt":"2025-11-14T20:57:19","guid":{"rendered":"https:\/\/letempsjadisauction.com\/?post_type=product&#038;p=10805"},"modified":"2025-11-14T20:57:19","modified_gmt":"2025-11-14T20:57:19","slug":"176-baruch-elron-le-voyageur-temporel","status":"publish","type":"product","link":"https:\/\/letempsjadisauction.com\/en\/auction\/176-baruch-elron-le-voyageur-temporel\/","title":{"rendered":"176. Baruch Elron \u2014 Le voyageur temporel"},"content":{"rendered":"<p>176. Auteur : Baruch Elron (1934-2006) | Titre :  le voyageur temporel | Signature :  sign\u00e9 au centre | Mat\u00e9riaux : huile sur panneau | Dimensions : 63 x 96, 78 x 110 cm| \u00c9tat :<\/p>","protected":false},"excerpt":{"rendered":"<p>Baruch Elron \u2014 le voyageur temporel<\/p>","protected":false},"featured_media":9803,"template":"","meta":{"_acf_changed":false,"inline_featured_image":false},"online_sale":[64],"product_brand":[],"product_cat":[18],"product_tag":[],"class_list":{"0":"post-10805","1":"product","2":"type-product","3":"status-publish","4":"has-post-thumbnail","6":"online_sale-novembre-2025","7":"product_cat-non-classe","9":"first","10":"instock","11":"shipping-taxable","12":"purchasable","13":"product-type-auction"},"acf":[],"_links":{"self":[{"href":"https:\/\/letempsjadisauction.com\/en\/wp-json\/wp\/v2\/product\/10805","targetHints":{"allow":["GET"]}}],"collection":[{"href":"https:\/\/letempsjadisauction.com\/en\/wp-json\/wp\/v2\/product"}],"about":[{"href":"https:\/\/letempsjadisauction.com\/en\/wp-json\/wp\/v2\/types\/product"}],"wp:featuredmedia":[{"embeddable":true,"href":"https:\/\/letempsjadisauction.com\/en\/wp-json\/wp\/v2\/media\/9803"}],"wp:attachment":[{"href":"https:\/\/letempsjadisauction.com\/en\/wp-json\/wp\/v2\/media?parent=10805"}],"wp:term":[{"taxonomy":"online_sale","embeddable":true,"href":"https:\/\/letempsjadisauction.com\/en\/wp-json\/wp\/v2\/online_sale?post=10805"},{"taxonomy":"product_brand","embeddable":true,"href":"https:\/\/letempsjadisauction.com\/en\/wp-json\/wp\/v2\/product_brand?post=10805"},{"taxonomy":"product_cat","embeddable":true,"href":"https:\/\/letempsjadisauction.com\/en\/wp-json\/wp\/v2\/product_cat?post=10805"},{"taxonomy":"product_tag","embeddable":true,"href":"https:\/\/letempsjadisauction.com\/en\/wp-json\/wp\/v2\/product_tag?post=10805"}],"curies":[{"name":"wp","href":"https:\/\/api.w.org\/{rel}","templated":true}]}}