{"id":10806,"date":"2025-11-14T20:57:19","date_gmt":"2025-11-14T20:57:19","guid":{"rendered":"https:\/\/letempsjadisauction.com\/?post_type=product&#038;p=10806"},"modified":"2025-11-26T16:52:01","modified_gmt":"2025-11-26T16:52:01","slug":"177-toussaint-renson-peinture-lhomme-monument","status":"publish","type":"product","link":"https:\/\/letempsjadisauction.com\/en\/auction\/177-toussaint-renson-peinture-lhomme-monument\/","title":{"rendered":"177. Toussaint Renson \u2014 peinture l\u2019Homme murmurant"},"content":{"rendered":"<p>177. Auteur : Toussaint Renson (1898-1986) | Titre : peinture l\u2019homme murmurant| Signature : en bas \u00e0 droite | Mat\u00e9riaux : huile sur panneau | Dimensions : 30 \u00d7 40 cm \/ 48,5 \u00d7 58,5 cm | \u00c9tat : tr\u00e8s bon \u00e9tat<\/p>","protected":false},"excerpt":{"rendered":"<p>Toussaint Renson \u2014 peinture l\u2019homme murmurant<\/p>","protected":false},"featured_media":11122,"template":"","meta":{"_acf_changed":false,"inline_featured_image":false},"online_sale":[64],"product_brand":[],"product_cat":[18],"product_tag":[],"class_list":{"0":"post-10806","1":"product","2":"type-product","3":"status-publish","4":"has-post-thumbnail","6":"online_sale-novembre-2025","7":"product_cat-non-classe","9":"first","10":"instock","11":"shipping-taxable","12":"purchasable","13":"product-type-auction"},"acf":[],"_links":{"self":[{"href":"https:\/\/letempsjadisauction.com\/en\/wp-json\/wp\/v2\/product\/10806","targetHints":{"allow":["GET"]}}],"collection":[{"href":"https:\/\/letempsjadisauction.com\/en\/wp-json\/wp\/v2\/product"}],"about":[{"href":"https:\/\/letempsjadisauction.com\/en\/wp-json\/wp\/v2\/types\/product"}],"wp:featuredmedia":[{"embeddable":true,"href":"https:\/\/letempsjadisauction.com\/en\/wp-json\/wp\/v2\/media\/11122"}],"wp:attachment":[{"href":"https:\/\/letempsjadisauction.com\/en\/wp-json\/wp\/v2\/media?parent=10806"}],"wp:term":[{"taxonomy":"online_sale","embeddable":true,"href":"https:\/\/letempsjadisauction.com\/en\/wp-json\/wp\/v2\/online_sale?post=10806"},{"taxonomy":"product_brand","embeddable":true,"href":"https:\/\/letempsjadisauction.com\/en\/wp-json\/wp\/v2\/product_brand?post=10806"},{"taxonomy":"product_cat","embeddable":true,"href":"https:\/\/letempsjadisauction.com\/en\/wp-json\/wp\/v2\/product_cat?post=10806"},{"taxonomy":"product_tag","embeddable":true,"href":"https:\/\/letempsjadisauction.com\/en\/wp-json\/wp\/v2\/product_tag?post=10806"}],"curies":[{"name":"wp","href":"https:\/\/api.w.org\/{rel}","templated":true}]}}