{"id":10807,"date":"2025-11-14T20:57:48","date_gmt":"2025-11-14T20:57:48","guid":{"rendered":"https:\/\/letempsjadisauction.com\/?post_type=product&#038;p=10807"},"modified":"2025-11-26T16:54:03","modified_gmt":"2025-11-26T16:54:03","slug":"178-claude-haumont-dessin-labo-i","status":"publish","type":"product","link":"https:\/\/letempsjadisauction.com\/en\/auction\/178-claude-haumont-dessin-labo-i\/","title":{"rendered":"178. Claude Haumont \u2014 dessin Labo I"},"content":{"rendered":"<p>178. Auteur : Claude Haumont (1936-)| Titre : dessin Labo I | Signature : en bas \u00e0 droite | Mat\u00e9riaux : lavis d\u2019encre | Dimensions : 25 \u00d7 16,5 cm \/ 50 \u00d7 70,5 cm | \u00c9tat : tr\u00e8s bon \u00e9tat<\/p>","protected":false},"excerpt":{"rendered":"<p>Claude Haumont \u2014 dessin Labo I<\/p>","protected":false},"featured_media":11129,"template":"","meta":{"_acf_changed":false,"inline_featured_image":false},"online_sale":[64],"product_brand":[],"product_cat":[18],"product_tag":[],"class_list":{"0":"post-10807","1":"product","2":"type-product","3":"status-publish","4":"has-post-thumbnail","6":"online_sale-novembre-2025","7":"product_cat-non-classe","9":"first","10":"instock","11":"shipping-taxable","12":"purchasable","13":"product-type-auction"},"acf":[],"_links":{"self":[{"href":"https:\/\/letempsjadisauction.com\/en\/wp-json\/wp\/v2\/product\/10807","targetHints":{"allow":["GET"]}}],"collection":[{"href":"https:\/\/letempsjadisauction.com\/en\/wp-json\/wp\/v2\/product"}],"about":[{"href":"https:\/\/letempsjadisauction.com\/en\/wp-json\/wp\/v2\/types\/product"}],"wp:featuredmedia":[{"embeddable":true,"href":"https:\/\/letempsjadisauction.com\/en\/wp-json\/wp\/v2\/media\/11129"}],"wp:attachment":[{"href":"https:\/\/letempsjadisauction.com\/en\/wp-json\/wp\/v2\/media?parent=10807"}],"wp:term":[{"taxonomy":"online_sale","embeddable":true,"href":"https:\/\/letempsjadisauction.com\/en\/wp-json\/wp\/v2\/online_sale?post=10807"},{"taxonomy":"product_brand","embeddable":true,"href":"https:\/\/letempsjadisauction.com\/en\/wp-json\/wp\/v2\/product_brand?post=10807"},{"taxonomy":"product_cat","embeddable":true,"href":"https:\/\/letempsjadisauction.com\/en\/wp-json\/wp\/v2\/product_cat?post=10807"},{"taxonomy":"product_tag","embeddable":true,"href":"https:\/\/letempsjadisauction.com\/en\/wp-json\/wp\/v2\/product_tag?post=10807"}],"curies":[{"name":"wp","href":"https:\/\/api.w.org\/{rel}","templated":true}]}}