{"id":10810,"date":"2025-11-14T20:57:21","date_gmt":"2025-11-14T20:57:21","guid":{"rendered":"https:\/\/letempsjadisauction.com\/?post_type=product&#038;p=10810"},"modified":"2025-11-26T15:45:44","modified_gmt":"2025-11-26T15:45:44","slug":"181-yvon-adam-dessin-femme","status":"publish","type":"product","link":"https:\/\/letempsjadisauction.com\/en\/auction\/181-yvon-adam-dessin-femme\/","title":{"rendered":"181. Yvon Adam \u2014 Dessin femme"},"content":{"rendered":"<p>181. Auteur : Yvon Adam (1932-2017) | Titre : dessin femme | Signature : en haut \u00e0 gauche | Mat\u00e9riaux : papier, crayon | Dimensions : 50 \u00d7 54 cm \/  \u00d7  cm encadr\u00e9 | \u00c9tat : tr\u00e8s bon \u00e9tat<\/p>","protected":false},"excerpt":{"rendered":"<p>Yvon Adam \u2014 dessin femme<\/p>","protected":false},"featured_media":9810,"template":"","meta":{"_acf_changed":false,"inline_featured_image":false},"online_sale":[64],"product_brand":[],"product_cat":[18],"product_tag":[],"class_list":{"0":"post-10810","1":"product","2":"type-product","3":"status-publish","4":"has-post-thumbnail","6":"online_sale-novembre-2025","7":"product_cat-non-classe","9":"first","10":"instock","11":"shipping-taxable","12":"purchasable","13":"product-type-auction"},"acf":[],"_links":{"self":[{"href":"https:\/\/letempsjadisauction.com\/en\/wp-json\/wp\/v2\/product\/10810","targetHints":{"allow":["GET"]}}],"collection":[{"href":"https:\/\/letempsjadisauction.com\/en\/wp-json\/wp\/v2\/product"}],"about":[{"href":"https:\/\/letempsjadisauction.com\/en\/wp-json\/wp\/v2\/types\/product"}],"wp:featuredmedia":[{"embeddable":true,"href":"https:\/\/letempsjadisauction.com\/en\/wp-json\/wp\/v2\/media\/9810"}],"wp:attachment":[{"href":"https:\/\/letempsjadisauction.com\/en\/wp-json\/wp\/v2\/media?parent=10810"}],"wp:term":[{"taxonomy":"online_sale","embeddable":true,"href":"https:\/\/letempsjadisauction.com\/en\/wp-json\/wp\/v2\/online_sale?post=10810"},{"taxonomy":"product_brand","embeddable":true,"href":"https:\/\/letempsjadisauction.com\/en\/wp-json\/wp\/v2\/product_brand?post=10810"},{"taxonomy":"product_cat","embeddable":true,"href":"https:\/\/letempsjadisauction.com\/en\/wp-json\/wp\/v2\/product_cat?post=10810"},{"taxonomy":"product_tag","embeddable":true,"href":"https:\/\/letempsjadisauction.com\/en\/wp-json\/wp\/v2\/product_tag?post=10810"}],"curies":[{"name":"wp","href":"https:\/\/api.w.org\/{rel}","templated":true}]}}