{"id":10817,"date":"2025-11-14T20:57:49","date_gmt":"2025-11-14T20:57:49","guid":{"rendered":"https:\/\/letempsjadisauction.com\/?post_type=product&#038;p=10817"},"modified":"2025-11-20T20:05:26","modified_gmt":"2025-11-20T20:05:26","slug":"188-yvon-adam-la-lune-seduisante","status":"publish","type":"product","link":"https:\/\/letempsjadisauction.com\/en\/auction\/188-yvon-adam-la-lune-seduisante\/","title":{"rendered":"188. Yvon Adam \u2014 La lune s\u00e9duisante"},"content":{"rendered":"<p>188. Auteur : Yvon Adam (1932-2017) | Titre : la lune s\u00e9duisante | Signature : | Mat\u00e9riaux : | Dimensions : 113 \u00d7 76 cm | \u00c9tat :<\/p>","protected":false},"excerpt":{"rendered":"<p>Yvon Adam \u2014 la lune s\u00e9duisante<\/p>","protected":false},"featured_media":9826,"template":"","meta":{"_acf_changed":false,"inline_featured_image":false},"online_sale":[64],"product_brand":[],"product_cat":[18],"product_tag":[],"class_list":{"0":"post-10817","1":"product","2":"type-product","3":"status-publish","4":"has-post-thumbnail","6":"online_sale-novembre-2025","7":"product_cat-non-classe","9":"first","10":"instock","11":"shipping-taxable","12":"purchasable","13":"product-type-auction"},"acf":[],"_links":{"self":[{"href":"https:\/\/letempsjadisauction.com\/en\/wp-json\/wp\/v2\/product\/10817","targetHints":{"allow":["GET"]}}],"collection":[{"href":"https:\/\/letempsjadisauction.com\/en\/wp-json\/wp\/v2\/product"}],"about":[{"href":"https:\/\/letempsjadisauction.com\/en\/wp-json\/wp\/v2\/types\/product"}],"wp:featuredmedia":[{"embeddable":true,"href":"https:\/\/letempsjadisauction.com\/en\/wp-json\/wp\/v2\/media\/9826"}],"wp:attachment":[{"href":"https:\/\/letempsjadisauction.com\/en\/wp-json\/wp\/v2\/media?parent=10817"}],"wp:term":[{"taxonomy":"online_sale","embeddable":true,"href":"https:\/\/letempsjadisauction.com\/en\/wp-json\/wp\/v2\/online_sale?post=10817"},{"taxonomy":"product_brand","embeddable":true,"href":"https:\/\/letempsjadisauction.com\/en\/wp-json\/wp\/v2\/product_brand?post=10817"},{"taxonomy":"product_cat","embeddable":true,"href":"https:\/\/letempsjadisauction.com\/en\/wp-json\/wp\/v2\/product_cat?post=10817"},{"taxonomy":"product_tag","embeddable":true,"href":"https:\/\/letempsjadisauction.com\/en\/wp-json\/wp\/v2\/product_tag?post=10817"}],"curies":[{"name":"wp","href":"https:\/\/api.w.org\/{rel}","templated":true}]}}