{"id":10819,"date":"2025-11-14T20:57:49","date_gmt":"2025-11-14T20:57:49","guid":{"rendered":"https:\/\/letempsjadisauction.com\/?post_type=product&#038;p=10819"},"modified":"2025-11-26T16:18:03","modified_gmt":"2025-11-26T16:18:03","slug":"190-yvon-adam-moche","status":"publish","type":"product","link":"https:\/\/letempsjadisauction.com\/en\/auction\/190-yvon-adam-moche\/","title":{"rendered":"190. Yvon Adam \u2014 femme"},"content":{"rendered":"<p>190. Auteur : Yvon Adam (1932-2017) | Titre : femme| Signature : | Mat\u00e9riaux : | Dimensions : 77 \u00d7 114 cm | \u00c9tat :<\/p>","protected":false},"excerpt":{"rendered":"<p>Yvon Adam \u2014 femme<\/p>","protected":false},"featured_media":9830,"template":"","meta":{"_acf_changed":false,"inline_featured_image":false},"online_sale":[64],"product_brand":[],"product_cat":[18],"product_tag":[],"class_list":{"0":"post-10819","1":"product","2":"type-product","3":"status-publish","4":"has-post-thumbnail","6":"online_sale-novembre-2025","7":"product_cat-non-classe","9":"first","10":"instock","11":"shipping-taxable","12":"purchasable","13":"product-type-auction"},"acf":[],"_links":{"self":[{"href":"https:\/\/letempsjadisauction.com\/en\/wp-json\/wp\/v2\/product\/10819","targetHints":{"allow":["GET"]}}],"collection":[{"href":"https:\/\/letempsjadisauction.com\/en\/wp-json\/wp\/v2\/product"}],"about":[{"href":"https:\/\/letempsjadisauction.com\/en\/wp-json\/wp\/v2\/types\/product"}],"wp:featuredmedia":[{"embeddable":true,"href":"https:\/\/letempsjadisauction.com\/en\/wp-json\/wp\/v2\/media\/9830"}],"wp:attachment":[{"href":"https:\/\/letempsjadisauction.com\/en\/wp-json\/wp\/v2\/media?parent=10819"}],"wp:term":[{"taxonomy":"online_sale","embeddable":true,"href":"https:\/\/letempsjadisauction.com\/en\/wp-json\/wp\/v2\/online_sale?post=10819"},{"taxonomy":"product_brand","embeddable":true,"href":"https:\/\/letempsjadisauction.com\/en\/wp-json\/wp\/v2\/product_brand?post=10819"},{"taxonomy":"product_cat","embeddable":true,"href":"https:\/\/letempsjadisauction.com\/en\/wp-json\/wp\/v2\/product_cat?post=10819"},{"taxonomy":"product_tag","embeddable":true,"href":"https:\/\/letempsjadisauction.com\/en\/wp-json\/wp\/v2\/product_tag?post=10819"}],"curies":[{"name":"wp","href":"https:\/\/api.w.org\/{rel}","templated":true}]}}