{"id":10822,"date":"2025-11-14T20:57:52","date_gmt":"2025-11-14T20:57:52","guid":{"rendered":"https:\/\/letempsjadisauction.com\/?post_type=product&#038;p=10822"},"modified":"2025-11-14T20:57:52","modified_gmt":"2025-11-14T20:57:52","slug":"193-ogonovsky-rouge","status":"publish","type":"product","link":"https:\/\/letempsjadisauction.com\/en\/auction\/193-ogonovsky-rouge\/","title":{"rendered":"193. Ogonovsky \u2014 Rouge"},"content":{"rendered":"<p>193. Auteur : Ogonovsky | Titre : sans titre rouge | Signature : | Mat\u00e9riaux : huile sur toile| Dimensions : 60 \u00d7 50 cm | \u00c9tat :<\/p>","protected":false},"excerpt":{"rendered":"<p>Ogonovsky \u2014 rouge<\/p>","protected":false},"featured_media":9836,"template":"","meta":{"_acf_changed":false,"inline_featured_image":false},"online_sale":[64],"product_brand":[],"product_cat":[18],"product_tag":[],"class_list":{"0":"post-10822","1":"product","2":"type-product","3":"status-publish","4":"has-post-thumbnail","6":"online_sale-novembre-2025","7":"product_cat-non-classe","9":"first","10":"instock","11":"shipping-taxable","12":"purchasable","13":"product-type-auction"},"acf":[],"_links":{"self":[{"href":"https:\/\/letempsjadisauction.com\/en\/wp-json\/wp\/v2\/product\/10822","targetHints":{"allow":["GET"]}}],"collection":[{"href":"https:\/\/letempsjadisauction.com\/en\/wp-json\/wp\/v2\/product"}],"about":[{"href":"https:\/\/letempsjadisauction.com\/en\/wp-json\/wp\/v2\/types\/product"}],"wp:featuredmedia":[{"embeddable":true,"href":"https:\/\/letempsjadisauction.com\/en\/wp-json\/wp\/v2\/media\/9836"}],"wp:attachment":[{"href":"https:\/\/letempsjadisauction.com\/en\/wp-json\/wp\/v2\/media?parent=10822"}],"wp:term":[{"taxonomy":"online_sale","embeddable":true,"href":"https:\/\/letempsjadisauction.com\/en\/wp-json\/wp\/v2\/online_sale?post=10822"},{"taxonomy":"product_brand","embeddable":true,"href":"https:\/\/letempsjadisauction.com\/en\/wp-json\/wp\/v2\/product_brand?post=10822"},{"taxonomy":"product_cat","embeddable":true,"href":"https:\/\/letempsjadisauction.com\/en\/wp-json\/wp\/v2\/product_cat?post=10822"},{"taxonomy":"product_tag","embeddable":true,"href":"https:\/\/letempsjadisauction.com\/en\/wp-json\/wp\/v2\/product_tag?post=10822"}],"curies":[{"name":"wp","href":"https:\/\/api.w.org\/{rel}","templated":true}]}}