{"id":10829,"date":"2025-11-14T20:57:50","date_gmt":"2025-11-14T20:57:50","guid":{"rendered":"https:\/\/letempsjadisauction.com\/?post_type=product&#038;p=10829"},"modified":"2026-01-23T16:19:50","modified_gmt":"2026-01-23T16:19:50","slug":"200-anonyme-orbit-au-buste-du-cardinal-mercier","status":"publish","type":"product","link":"https:\/\/letempsjadisauction.com\/en\/auction\/200-anonyme-orbit-au-buste-du-cardinal-mercier\/","title":{"rendered":"200. Anonyme \u2014 Orbit au blason du Cardinal Mercier"},"content":{"rendered":"<p>200. Auteur : anonyme | Titre : peinture Orbit au balson du Cardinal Mercier | Signature : non | Mat\u00e9riaux : huile sur panneau | Dimensions : 80 \u00d7 80 cm \/ 93 \u00d7 93 cm encadr\u00e9 | \u00c9tat : tr\u00e8s bon \u00e9tat<\/p>","protected":false},"excerpt":{"rendered":"<p>anonyme \u2014 peinture Orbit au blason du Cardinal Mercier<\/p>","protected":false},"featured_media":9856,"template":"","meta":{"_acf_changed":false,"inline_featured_image":false},"online_sale":[64],"product_brand":[],"product_cat":[18],"product_tag":[],"class_list":{"0":"post-10829","1":"product","2":"type-product","3":"status-publish","4":"has-post-thumbnail","6":"online_sale-novembre-2025","7":"product_cat-non-classe","9":"first","10":"outofstock","11":"shipping-taxable","12":"purchasable","13":"product-type-auction"},"acf":[],"_links":{"self":[{"href":"https:\/\/letempsjadisauction.com\/en\/wp-json\/wp\/v2\/product\/10829","targetHints":{"allow":["GET"]}}],"collection":[{"href":"https:\/\/letempsjadisauction.com\/en\/wp-json\/wp\/v2\/product"}],"about":[{"href":"https:\/\/letempsjadisauction.com\/en\/wp-json\/wp\/v2\/types\/product"}],"wp:featuredmedia":[{"embeddable":true,"href":"https:\/\/letempsjadisauction.com\/en\/wp-json\/wp\/v2\/media\/9856"}],"wp:attachment":[{"href":"https:\/\/letempsjadisauction.com\/en\/wp-json\/wp\/v2\/media?parent=10829"}],"wp:term":[{"taxonomy":"online_sale","embeddable":true,"href":"https:\/\/letempsjadisauction.com\/en\/wp-json\/wp\/v2\/online_sale?post=10829"},{"taxonomy":"product_brand","embeddable":true,"href":"https:\/\/letempsjadisauction.com\/en\/wp-json\/wp\/v2\/product_brand?post=10829"},{"taxonomy":"product_cat","embeddable":true,"href":"https:\/\/letempsjadisauction.com\/en\/wp-json\/wp\/v2\/product_cat?post=10829"},{"taxonomy":"product_tag","embeddable":true,"href":"https:\/\/letempsjadisauction.com\/en\/wp-json\/wp\/v2\/product_tag?post=10829"}],"curies":[{"name":"wp","href":"https:\/\/api.w.org\/{rel}","templated":true}]}}