{"id":10831,"date":"2025-11-14T20:58:11","date_gmt":"2025-11-14T20:58:11","guid":{"rendered":"https:\/\/letempsjadisauction.com\/?post_type=product&#038;p=10831"},"modified":"2025-11-26T17:42:01","modified_gmt":"2025-11-26T17:42:01","slug":"202-statue-en-pierre-sans-auteur-ni-titre-precise","status":"publish","type":"product","link":"https:\/\/letempsjadisauction.com\/en\/auction\/202-statue-en-pierre-sans-auteur-ni-titre-precise\/","title":{"rendered":"202. Tendai Gwaravaza \u2014 statue en pierre"},"content":{"rendered":"<p>202. Auteur : Tendai Gwaravaza | Titre : statue en pierre | Signature : sign\u00e9 | Mat\u00e9riaux : pierre | Dimensions : 72 \u00d7 90 cm | \u00c9tat :<\/p>","protected":false},"excerpt":{"rendered":"<p>Tendai Gwaravaza \u2014 statue en pierre<\/p>","protected":false},"featured_media":11120,"template":"","meta":{"_acf_changed":false,"inline_featured_image":false},"online_sale":[64],"product_brand":[],"product_cat":[18],"product_tag":[],"class_list":{"0":"post-10831","1":"product","2":"type-product","3":"status-publish","4":"has-post-thumbnail","6":"online_sale-novembre-2025","7":"product_cat-non-classe","9":"first","10":"instock","11":"shipping-taxable","12":"purchasable","13":"product-type-auction"},"acf":[],"_links":{"self":[{"href":"https:\/\/letempsjadisauction.com\/en\/wp-json\/wp\/v2\/product\/10831","targetHints":{"allow":["GET"]}}],"collection":[{"href":"https:\/\/letempsjadisauction.com\/en\/wp-json\/wp\/v2\/product"}],"about":[{"href":"https:\/\/letempsjadisauction.com\/en\/wp-json\/wp\/v2\/types\/product"}],"wp:featuredmedia":[{"embeddable":true,"href":"https:\/\/letempsjadisauction.com\/en\/wp-json\/wp\/v2\/media\/11120"}],"wp:attachment":[{"href":"https:\/\/letempsjadisauction.com\/en\/wp-json\/wp\/v2\/media?parent=10831"}],"wp:term":[{"taxonomy":"online_sale","embeddable":true,"href":"https:\/\/letempsjadisauction.com\/en\/wp-json\/wp\/v2\/online_sale?post=10831"},{"taxonomy":"product_brand","embeddable":true,"href":"https:\/\/letempsjadisauction.com\/en\/wp-json\/wp\/v2\/product_brand?post=10831"},{"taxonomy":"product_cat","embeddable":true,"href":"https:\/\/letempsjadisauction.com\/en\/wp-json\/wp\/v2\/product_cat?post=10831"},{"taxonomy":"product_tag","embeddable":true,"href":"https:\/\/letempsjadisauction.com\/en\/wp-json\/wp\/v2\/product_tag?post=10831"}],"curies":[{"name":"wp","href":"https:\/\/api.w.org\/{rel}","templated":true}]}}