{"id":10833,"date":"2025-11-14T20:58:11","date_gmt":"2025-11-14T20:58:11","guid":{"rendered":"https:\/\/letempsjadisauction.com\/?post_type=product&#038;p=10833"},"modified":"2025-11-26T17:46:01","modified_gmt":"2025-11-26T17:46:01","slug":"204-pendule-atmos-sans-auteur","status":"publish","type":"product","link":"https:\/\/letempsjadisauction.com\/en\/auction\/204-pendule-atmos-sans-auteur\/","title":{"rendered":"204. Jaeger-Lecoultre &#8211; Pendule Atmos"},"content":{"rendered":"<p>204 Jaeger-Lecoultre &#8211; Pendule Atmos , pendule Atmos, 23 x 18 x 13 cm, \u00e9tat : \u00e0 r\u00e9vis\u00e9e<\/p>","protected":false},"excerpt":{"rendered":"<p>Jaeger-Lecoultre &#8211; Pendule Atmos<\/p>","protected":false},"featured_media":9862,"template":"","meta":{"_acf_changed":false,"inline_featured_image":false},"online_sale":[64],"product_brand":[],"product_cat":[18],"product_tag":[],"class_list":{"0":"post-10833","1":"product","2":"type-product","3":"status-publish","4":"has-post-thumbnail","6":"online_sale-novembre-2025","7":"product_cat-non-classe","9":"first","10":"instock","11":"shipping-taxable","12":"purchasable","13":"product-type-auction"},"acf":[],"_links":{"self":[{"href":"https:\/\/letempsjadisauction.com\/en\/wp-json\/wp\/v2\/product\/10833","targetHints":{"allow":["GET"]}}],"collection":[{"href":"https:\/\/letempsjadisauction.com\/en\/wp-json\/wp\/v2\/product"}],"about":[{"href":"https:\/\/letempsjadisauction.com\/en\/wp-json\/wp\/v2\/types\/product"}],"wp:featuredmedia":[{"embeddable":true,"href":"https:\/\/letempsjadisauction.com\/en\/wp-json\/wp\/v2\/media\/9862"}],"wp:attachment":[{"href":"https:\/\/letempsjadisauction.com\/en\/wp-json\/wp\/v2\/media?parent=10833"}],"wp:term":[{"taxonomy":"online_sale","embeddable":true,"href":"https:\/\/letempsjadisauction.com\/en\/wp-json\/wp\/v2\/online_sale?post=10833"},{"taxonomy":"product_brand","embeddable":true,"href":"https:\/\/letempsjadisauction.com\/en\/wp-json\/wp\/v2\/product_brand?post=10833"},{"taxonomy":"product_cat","embeddable":true,"href":"https:\/\/letempsjadisauction.com\/en\/wp-json\/wp\/v2\/product_cat?post=10833"},{"taxonomy":"product_tag","embeddable":true,"href":"https:\/\/letempsjadisauction.com\/en\/wp-json\/wp\/v2\/product_tag?post=10833"}],"curies":[{"name":"wp","href":"https:\/\/api.w.org\/{rel}","templated":true}]}}