{"id":10838,"date":"2025-11-14T20:58:09","date_gmt":"2025-11-14T20:58:09","guid":{"rendered":"https:\/\/letempsjadisauction.com\/?post_type=product&#038;p=10838"},"modified":"2025-11-26T17:56:01","modified_gmt":"2025-11-26T17:56:01","slug":"209-assiette-meissen","status":"publish","type":"product","link":"https:\/\/letempsjadisauction.com\/en\/auction\/209-assiette-meissen\/","title":{"rendered":"209. Manufacture de Meissen, coupe ajour\u00e9e"},"content":{"rendered":"<p>209 Manufacture de Meissen, coupe ajour\u00e9e, d\u00e9cor fleurs, 25,5 cm<\/p>","protected":false},"excerpt":{"rendered":"<p>Manufacture de Meissen, coupe ajour\u00e9e<\/p>","protected":false},"featured_media":11113,"template":"","meta":{"_acf_changed":false,"inline_featured_image":false},"online_sale":[64],"product_brand":[],"product_cat":[18],"product_tag":[],"class_list":{"0":"post-10838","1":"product","2":"type-product","3":"status-publish","4":"has-post-thumbnail","6":"online_sale-novembre-2025","7":"product_cat-non-classe","9":"first","10":"instock","11":"shipping-taxable","12":"purchasable","13":"product-type-auction"},"acf":[],"_links":{"self":[{"href":"https:\/\/letempsjadisauction.com\/en\/wp-json\/wp\/v2\/product\/10838","targetHints":{"allow":["GET"]}}],"collection":[{"href":"https:\/\/letempsjadisauction.com\/en\/wp-json\/wp\/v2\/product"}],"about":[{"href":"https:\/\/letempsjadisauction.com\/en\/wp-json\/wp\/v2\/types\/product"}],"wp:featuredmedia":[{"embeddable":true,"href":"https:\/\/letempsjadisauction.com\/en\/wp-json\/wp\/v2\/media\/11113"}],"wp:attachment":[{"href":"https:\/\/letempsjadisauction.com\/en\/wp-json\/wp\/v2\/media?parent=10838"}],"wp:term":[{"taxonomy":"online_sale","embeddable":true,"href":"https:\/\/letempsjadisauction.com\/en\/wp-json\/wp\/v2\/online_sale?post=10838"},{"taxonomy":"product_brand","embeddable":true,"href":"https:\/\/letempsjadisauction.com\/en\/wp-json\/wp\/v2\/product_brand?post=10838"},{"taxonomy":"product_cat","embeddable":true,"href":"https:\/\/letempsjadisauction.com\/en\/wp-json\/wp\/v2\/product_cat?post=10838"},{"taxonomy":"product_tag","embeddable":true,"href":"https:\/\/letempsjadisauction.com\/en\/wp-json\/wp\/v2\/product_tag?post=10838"}],"curies":[{"name":"wp","href":"https:\/\/api.w.org\/{rel}","templated":true}]}}