{"id":10841,"date":"2025-11-14T20:58:13","date_gmt":"2025-11-14T20:58:13","guid":{"rendered":"https:\/\/letempsjadisauction.com\/?post_type=product&#038;p=10841"},"modified":"2025-11-25T18:32:59","modified_gmt":"2025-11-25T18:32:59","slug":"212-cheval-a-bascule","status":"publish","type":"product","link":"https:\/\/letempsjadisauction.com\/en\/auction\/212-cheval-a-bascule\/","title":{"rendered":"212. Cheval \u00e0 bascule"},"content":{"rendered":"<p>212. Auteur : | Titre : cheval \u00e0 bascule | Mat\u00e9riaux : bois | Dimensions : 72cm | Signature : | \u00c9tat :<\/p>","protected":false},"excerpt":{"rendered":"<p>cheval \u00e0 bascule<\/p>","protected":false},"featured_media":9873,"template":"","meta":{"_acf_changed":false,"inline_featured_image":false},"online_sale":[64],"product_brand":[],"product_cat":[18],"product_tag":[],"class_list":{"0":"post-10841","1":"product","2":"type-product","3":"status-publish","4":"has-post-thumbnail","6":"online_sale-novembre-2025","7":"product_cat-non-classe","9":"first","10":"instock","11":"shipping-taxable","12":"purchasable","13":"product-type-auction"},"acf":[],"_links":{"self":[{"href":"https:\/\/letempsjadisauction.com\/en\/wp-json\/wp\/v2\/product\/10841","targetHints":{"allow":["GET"]}}],"collection":[{"href":"https:\/\/letempsjadisauction.com\/en\/wp-json\/wp\/v2\/product"}],"about":[{"href":"https:\/\/letempsjadisauction.com\/en\/wp-json\/wp\/v2\/types\/product"}],"wp:featuredmedia":[{"embeddable":true,"href":"https:\/\/letempsjadisauction.com\/en\/wp-json\/wp\/v2\/media\/9873"}],"wp:attachment":[{"href":"https:\/\/letempsjadisauction.com\/en\/wp-json\/wp\/v2\/media?parent=10841"}],"wp:term":[{"taxonomy":"online_sale","embeddable":true,"href":"https:\/\/letempsjadisauction.com\/en\/wp-json\/wp\/v2\/online_sale?post=10841"},{"taxonomy":"product_brand","embeddable":true,"href":"https:\/\/letempsjadisauction.com\/en\/wp-json\/wp\/v2\/product_brand?post=10841"},{"taxonomy":"product_cat","embeddable":true,"href":"https:\/\/letempsjadisauction.com\/en\/wp-json\/wp\/v2\/product_cat?post=10841"},{"taxonomy":"product_tag","embeddable":true,"href":"https:\/\/letempsjadisauction.com\/en\/wp-json\/wp\/v2\/product_tag?post=10841"}],"curies":[{"name":"wp","href":"https:\/\/api.w.org\/{rel}","templated":true}]}}