{"id":10850,"date":"2025-11-14T20:58:14","date_gmt":"2025-11-14T20:58:14","guid":{"rendered":"https:\/\/letempsjadisauction.com\/?post_type=product&#038;p=10850"},"modified":"2025-11-14T20:58:14","modified_gmt":"2025-11-14T20:58:14","slug":"221-lot-de-jouets-en-metal-blanc","status":"publish","type":"product","link":"https:\/\/letempsjadisauction.com\/en\/auction\/221-lot-de-jouets-en-metal-blanc\/","title":{"rendered":"221. Lot de jouets en m\u00e9tal blanc"},"content":{"rendered":"<p>221. Auteur : | Titre : lot de jouet en m\u00e9tal blanc | Mat\u00e9riaux : | Dimensions : | Signature : | \u00c9tat :<\/p>","protected":false},"excerpt":{"rendered":"<p>lot de jouets en m\u00e9tal blanc<\/p>","protected":false},"featured_media":9888,"template":"","meta":{"_acf_changed":false,"inline_featured_image":false},"online_sale":[64],"product_brand":[],"product_cat":[18],"product_tag":[],"class_list":{"0":"post-10850","1":"product","2":"type-product","3":"status-publish","4":"has-post-thumbnail","6":"online_sale-novembre-2025","7":"product_cat-non-classe","9":"first","10":"instock","11":"shipping-taxable","12":"purchasable","13":"product-type-auction"},"acf":[],"_links":{"self":[{"href":"https:\/\/letempsjadisauction.com\/en\/wp-json\/wp\/v2\/product\/10850","targetHints":{"allow":["GET"]}}],"collection":[{"href":"https:\/\/letempsjadisauction.com\/en\/wp-json\/wp\/v2\/product"}],"about":[{"href":"https:\/\/letempsjadisauction.com\/en\/wp-json\/wp\/v2\/types\/product"}],"wp:featuredmedia":[{"embeddable":true,"href":"https:\/\/letempsjadisauction.com\/en\/wp-json\/wp\/v2\/media\/9888"}],"wp:attachment":[{"href":"https:\/\/letempsjadisauction.com\/en\/wp-json\/wp\/v2\/media?parent=10850"}],"wp:term":[{"taxonomy":"online_sale","embeddable":true,"href":"https:\/\/letempsjadisauction.com\/en\/wp-json\/wp\/v2\/online_sale?post=10850"},{"taxonomy":"product_brand","embeddable":true,"href":"https:\/\/letempsjadisauction.com\/en\/wp-json\/wp\/v2\/product_brand?post=10850"},{"taxonomy":"product_cat","embeddable":true,"href":"https:\/\/letempsjadisauction.com\/en\/wp-json\/wp\/v2\/product_cat?post=10850"},{"taxonomy":"product_tag","embeddable":true,"href":"https:\/\/letempsjadisauction.com\/en\/wp-json\/wp\/v2\/product_tag?post=10850"}],"curies":[{"name":"wp","href":"https:\/\/api.w.org\/{rel}","templated":true}]}}