{"id":10890,"date":"2025-11-14T20:59:56","date_gmt":"2025-11-14T20:59:56","guid":{"rendered":"https:\/\/letempsjadisauction.com\/?post_type=product&#038;p=10890"},"modified":"2025-11-26T20:10:33","modified_gmt":"2025-11-26T20:10:33","slug":"261-charrette-a-glace","status":"publish","type":"product","link":"https:\/\/letempsjadisauction.com\/en\/auction\/261-charrette-a-glace\/","title":{"rendered":"261. Charrette \u00e0 glace"},"content":{"rendered":"<p>261. Auteur : | Titre : charette \u00e0 glace | Mat\u00e9riaux : | Dimensions : 41 x 26 cm| Signature : | \u00c9tat :<\/p>","protected":false},"excerpt":{"rendered":"<p>charrette \u00e0 glace<\/p>","protected":false},"featured_media":9976,"template":"","meta":{"_acf_changed":false,"inline_featured_image":false},"online_sale":[64],"product_brand":[],"product_cat":[18],"product_tag":[],"class_list":{"0":"post-10890","1":"product","2":"type-product","3":"status-publish","4":"has-post-thumbnail","6":"online_sale-novembre-2025","7":"product_cat-non-classe","9":"first","10":"instock","11":"shipping-taxable","12":"purchasable","13":"product-type-auction"},"acf":[],"_links":{"self":[{"href":"https:\/\/letempsjadisauction.com\/en\/wp-json\/wp\/v2\/product\/10890","targetHints":{"allow":["GET"]}}],"collection":[{"href":"https:\/\/letempsjadisauction.com\/en\/wp-json\/wp\/v2\/product"}],"about":[{"href":"https:\/\/letempsjadisauction.com\/en\/wp-json\/wp\/v2\/types\/product"}],"wp:featuredmedia":[{"embeddable":true,"href":"https:\/\/letempsjadisauction.com\/en\/wp-json\/wp\/v2\/media\/9976"}],"wp:attachment":[{"href":"https:\/\/letempsjadisauction.com\/en\/wp-json\/wp\/v2\/media?parent=10890"}],"wp:term":[{"taxonomy":"online_sale","embeddable":true,"href":"https:\/\/letempsjadisauction.com\/en\/wp-json\/wp\/v2\/online_sale?post=10890"},{"taxonomy":"product_brand","embeddable":true,"href":"https:\/\/letempsjadisauction.com\/en\/wp-json\/wp\/v2\/product_brand?post=10890"},{"taxonomy":"product_cat","embeddable":true,"href":"https:\/\/letempsjadisauction.com\/en\/wp-json\/wp\/v2\/product_cat?post=10890"},{"taxonomy":"product_tag","embeddable":true,"href":"https:\/\/letempsjadisauction.com\/en\/wp-json\/wp\/v2\/product_tag?post=10890"}],"curies":[{"name":"wp","href":"https:\/\/api.w.org\/{rel}","templated":true}]}}