{"id":11040,"date":"2025-11-14T21:03:04","date_gmt":"2025-11-14T21:03:04","guid":{"rendered":"https:\/\/letempsjadisauction.com\/?post_type=product&#038;p=11040"},"modified":"2025-11-27T17:42:17","modified_gmt":"2025-11-27T17:42:17","slug":"411-tres-gros-lot-de-petits-soldats","status":"publish","type":"product","link":"https:\/\/letempsjadisauction.com\/en\/auction\/411-tres-gros-lot-de-petits-soldats\/","title":{"rendered":"411. tr\u00e8s gros lot de petits soldats"},"content":{"rendered":"<p>411. Auteur : | Titre : tr\u00e8s gros lot de petit soldats | Mat\u00e9riaux : | Dimensions : | Signature : | \u00c9tat :<\/p>","protected":false},"excerpt":{"rendered":"<p>tr\u00e8s gros lot de petits soldats<\/p>","protected":false},"featured_media":11134,"template":"","meta":{"_acf_changed":false,"inline_featured_image":false},"online_sale":[64],"product_brand":[],"product_cat":[18,65],"product_tag":[],"class_list":{"0":"post-11040","1":"product","2":"type-product","3":"status-publish","4":"has-post-thumbnail","6":"online_sale-novembre-2025","7":"product_cat-non-classe","8":"product_cat-novembre-2025","10":"first","11":"instock","12":"shipping-taxable","13":"purchasable","14":"product-type-auction"},"acf":[],"_links":{"self":[{"href":"https:\/\/letempsjadisauction.com\/en\/wp-json\/wp\/v2\/product\/11040","targetHints":{"allow":["GET"]}}],"collection":[{"href":"https:\/\/letempsjadisauction.com\/en\/wp-json\/wp\/v2\/product"}],"about":[{"href":"https:\/\/letempsjadisauction.com\/en\/wp-json\/wp\/v2\/types\/product"}],"wp:featuredmedia":[{"embeddable":true,"href":"https:\/\/letempsjadisauction.com\/en\/wp-json\/wp\/v2\/media\/11134"}],"wp:attachment":[{"href":"https:\/\/letempsjadisauction.com\/en\/wp-json\/wp\/v2\/media?parent=11040"}],"wp:term":[{"taxonomy":"online_sale","embeddable":true,"href":"https:\/\/letempsjadisauction.com\/en\/wp-json\/wp\/v2\/online_sale?post=11040"},{"taxonomy":"product_brand","embeddable":true,"href":"https:\/\/letempsjadisauction.com\/en\/wp-json\/wp\/v2\/product_brand?post=11040"},{"taxonomy":"product_cat","embeddable":true,"href":"https:\/\/letempsjadisauction.com\/en\/wp-json\/wp\/v2\/product_cat?post=11040"},{"taxonomy":"product_tag","embeddable":true,"href":"https:\/\/letempsjadisauction.com\/en\/wp-json\/wp\/v2\/product_tag?post=11040"}],"curies":[{"name":"wp","href":"https:\/\/api.w.org\/{rel}","templated":true}]}}