{"id":11704,"date":"2026-01-22T21:49:57","date_gmt":"2026-01-22T21:49:57","guid":{"rendered":"https:\/\/letempsjadisauction.com\/?post_type=product&#038;p=11704"},"modified":"2026-01-31T11:30:13","modified_gmt":"2026-01-31T11:30:13","slug":"16-dan-cooper-le-maitre-du-soleil-cahier-desolidarise","status":"publish","type":"product","link":"https:\/\/letempsjadisauction.com\/en\/auction\/16-dan-cooper-le-maitre-du-soleil-cahier-desolidarise\/","title":{"rendered":"16. Dan Cooper le maitre du soleil (cahier d\u00e9solidaris\u00e9)"},"content":{"rendered":"<p>Dan Cooper le maitre du soleil (cahier d\u00e9solidaris\u00e9)<\/p>","protected":false},"excerpt":{"rendered":"<p>Dan Cooper le maitre du soleil (cahier d\u00e9solidaris\u00e9)<\/p>","protected":false},"featured_media":11193,"template":"","meta":{"_acf_changed":false,"inline_featured_image":false},"online_sale":[68],"product_brand":[],"product_cat":[18],"product_tag":[],"class_list":{"0":"post-11704","1":"product","2":"type-product","3":"status-publish","4":"has-post-thumbnail","6":"online_sale-janvier-2026","7":"product_cat-non-classe","9":"first","10":"instock","11":"shipping-taxable","12":"purchasable","13":"product-type-auction"},"acf":[],"_links":{"self":[{"href":"https:\/\/letempsjadisauction.com\/en\/wp-json\/wp\/v2\/product\/11704","targetHints":{"allow":["GET"]}}],"collection":[{"href":"https:\/\/letempsjadisauction.com\/en\/wp-json\/wp\/v2\/product"}],"about":[{"href":"https:\/\/letempsjadisauction.com\/en\/wp-json\/wp\/v2\/types\/product"}],"wp:featuredmedia":[{"embeddable":true,"href":"https:\/\/letempsjadisauction.com\/en\/wp-json\/wp\/v2\/media\/11193"}],"wp:attachment":[{"href":"https:\/\/letempsjadisauction.com\/en\/wp-json\/wp\/v2\/media?parent=11704"}],"wp:term":[{"taxonomy":"online_sale","embeddable":true,"href":"https:\/\/letempsjadisauction.com\/en\/wp-json\/wp\/v2\/online_sale?post=11704"},{"taxonomy":"product_brand","embeddable":true,"href":"https:\/\/letempsjadisauction.com\/en\/wp-json\/wp\/v2\/product_brand?post=11704"},{"taxonomy":"product_cat","embeddable":true,"href":"https:\/\/letempsjadisauction.com\/en\/wp-json\/wp\/v2\/product_cat?post=11704"},{"taxonomy":"product_tag","embeddable":true,"href":"https:\/\/letempsjadisauction.com\/en\/wp-json\/wp\/v2\/product_tag?post=11704"}],"curies":[{"name":"wp","href":"https:\/\/api.w.org\/{rel}","templated":true}]}}