{"id":12009,"date":"2026-02-09T14:42:48","date_gmt":"2026-02-09T14:42:48","guid":{"rendered":"https:\/\/letempsjadisauction.com\/?post_type=product&#038;p=12009"},"modified":"2026-02-20T06:38:19","modified_gmt":"2026-02-20T06:38:19","slug":"5-petit-unguentarium-en-verre-bleu-epoque-romaine","status":"publish","type":"product","link":"https:\/\/letempsjadisauction.com\/en\/auction\/5-petit-unguentarium-en-verre-bleu-epoque-romaine\/","title":{"rendered":"5. Petit Unguentarium en verre bleu, \u00e9poque romaine"},"content":{"rendered":"<p>Petit Unguentarium, vase \u00e0 onguents de couleur bleu, verre, \u00e9poque romaine1-4e si\u00e8cle ap. J.-C, H. 7 cm<\/p>","protected":false},"excerpt":{"rendered":"<p>Petit Unguentarium en verre bleu, \u00e9poque romaine<\/p>","protected":false},"featured_media":11937,"template":"","meta":{"_acf_changed":false,"inline_featured_image":false},"online_sale":[69],"product_brand":[],"product_cat":[18],"product_tag":[],"class_list":{"0":"post-12009","1":"product","2":"type-product","3":"status-publish","4":"has-post-thumbnail","6":"online_sale-fevrier-2026","7":"product_cat-non-classe","9":"first","10":"instock","11":"shipping-taxable","12":"purchasable","13":"product-type-auction"},"acf":[],"_links":{"self":[{"href":"https:\/\/letempsjadisauction.com\/en\/wp-json\/wp\/v2\/product\/12009","targetHints":{"allow":["GET"]}}],"collection":[{"href":"https:\/\/letempsjadisauction.com\/en\/wp-json\/wp\/v2\/product"}],"about":[{"href":"https:\/\/letempsjadisauction.com\/en\/wp-json\/wp\/v2\/types\/product"}],"wp:featuredmedia":[{"embeddable":true,"href":"https:\/\/letempsjadisauction.com\/en\/wp-json\/wp\/v2\/media\/11937"}],"wp:attachment":[{"href":"https:\/\/letempsjadisauction.com\/en\/wp-json\/wp\/v2\/media?parent=12009"}],"wp:term":[{"taxonomy":"online_sale","embeddable":true,"href":"https:\/\/letempsjadisauction.com\/en\/wp-json\/wp\/v2\/online_sale?post=12009"},{"taxonomy":"product_brand","embeddable":true,"href":"https:\/\/letempsjadisauction.com\/en\/wp-json\/wp\/v2\/product_brand?post=12009"},{"taxonomy":"product_cat","embeddable":true,"href":"https:\/\/letempsjadisauction.com\/en\/wp-json\/wp\/v2\/product_cat?post=12009"},{"taxonomy":"product_tag","embeddable":true,"href":"https:\/\/letempsjadisauction.com\/en\/wp-json\/wp\/v2\/product_tag?post=12009"}],"curies":[{"name":"wp","href":"https:\/\/api.w.org\/{rel}","templated":true}]}}