{"id":12014,"date":"2026-02-09T14:42:46","date_gmt":"2026-02-09T14:42:46","guid":{"rendered":"https:\/\/letempsjadisauction.com\/?post_type=product&#038;p=12014"},"modified":"2026-02-18T13:11:21","modified_gmt":"2026-02-18T13:11:21","slug":"10-tete-en-terre-cuite-de-divinite-epoque-romaine","status":"publish","type":"product","link":"https:\/\/letempsjadisauction.com\/en\/auction\/10-tete-en-terre-cuite-de-divinite-epoque-romaine\/","title":{"rendered":"10. T\u00eate en terre cuite de divinit\u00e9, \u00e9poque romaine"},"content":{"rendered":"<p>T\u00eate en terre cuite de divinit\u00e9, terre cuite, \u00e9poque romaine, H. 7 cm<\/p>","protected":false},"excerpt":{"rendered":"<p>T\u00eate en terre cuite de divinit\u00e9, \u00e9poque romaine<\/p>","protected":false},"featured_media":11952,"template":"","meta":{"_acf_changed":false,"inline_featured_image":false},"online_sale":[69],"product_brand":[],"product_cat":[18],"product_tag":[],"class_list":{"0":"post-12014","1":"product","2":"type-product","3":"status-publish","4":"has-post-thumbnail","6":"online_sale-fevrier-2026","7":"product_cat-non-classe","9":"first","10":"instock","11":"shipping-taxable","12":"purchasable","13":"product-type-auction"},"acf":[],"_links":{"self":[{"href":"https:\/\/letempsjadisauction.com\/en\/wp-json\/wp\/v2\/product\/12014","targetHints":{"allow":["GET"]}}],"collection":[{"href":"https:\/\/letempsjadisauction.com\/en\/wp-json\/wp\/v2\/product"}],"about":[{"href":"https:\/\/letempsjadisauction.com\/en\/wp-json\/wp\/v2\/types\/product"}],"wp:featuredmedia":[{"embeddable":true,"href":"https:\/\/letempsjadisauction.com\/en\/wp-json\/wp\/v2\/media\/11952"}],"wp:attachment":[{"href":"https:\/\/letempsjadisauction.com\/en\/wp-json\/wp\/v2\/media?parent=12014"}],"wp:term":[{"taxonomy":"online_sale","embeddable":true,"href":"https:\/\/letempsjadisauction.com\/en\/wp-json\/wp\/v2\/online_sale?post=12014"},{"taxonomy":"product_brand","embeddable":true,"href":"https:\/\/letempsjadisauction.com\/en\/wp-json\/wp\/v2\/product_brand?post=12014"},{"taxonomy":"product_cat","embeddable":true,"href":"https:\/\/letempsjadisauction.com\/en\/wp-json\/wp\/v2\/product_cat?post=12014"},{"taxonomy":"product_tag","embeddable":true,"href":"https:\/\/letempsjadisauction.com\/en\/wp-json\/wp\/v2\/product_tag?post=12014"}],"curies":[{"name":"wp","href":"https:\/\/api.w.org\/{rel}","templated":true}]}}