{"id":12113,"date":"2026-02-09T19:32:54","date_gmt":"2026-02-09T19:32:54","guid":{"rendered":"https:\/\/letempsjadisauction.com\/?post_type=product&#038;p=12113"},"modified":"2026-02-22T08:39:11","modified_gmt":"2026-02-22T08:39:11","slug":"26-chine-pipe-emaillee-a-decors-floral","status":"publish","type":"product","link":"https:\/\/letempsjadisauction.com\/en\/auction\/26-chine-pipe-emaillee-a-decors-floral\/","title":{"rendered":"26. Chine, pipe \u00e9maill\u00e9e \u00e0 d\u00e9cors floral"},"content":{"rendered":"<p>Chine, pipe \u00e9maill\u00e9e \u00e0 d\u00e9cors floral, H. 14 cm<\/p>","protected":false},"excerpt":{"rendered":"<p>Chine, pipe \u00e9maill\u00e9e \u00e0 d\u00e9cors floral<\/p>","protected":false},"featured_media":12062,"template":"","meta":{"_acf_changed":false,"inline_featured_image":false},"online_sale":[69],"product_brand":[],"product_cat":[18],"product_tag":[],"class_list":{"0":"post-12113","1":"product","2":"type-product","3":"status-publish","4":"has-post-thumbnail","6":"online_sale-fevrier-2026","7":"product_cat-non-classe","9":"first","10":"instock","11":"shipping-taxable","12":"purchasable","13":"product-type-auction"},"acf":[],"_links":{"self":[{"href":"https:\/\/letempsjadisauction.com\/en\/wp-json\/wp\/v2\/product\/12113","targetHints":{"allow":["GET"]}}],"collection":[{"href":"https:\/\/letempsjadisauction.com\/en\/wp-json\/wp\/v2\/product"}],"about":[{"href":"https:\/\/letempsjadisauction.com\/en\/wp-json\/wp\/v2\/types\/product"}],"wp:featuredmedia":[{"embeddable":true,"href":"https:\/\/letempsjadisauction.com\/en\/wp-json\/wp\/v2\/media\/12062"}],"wp:attachment":[{"href":"https:\/\/letempsjadisauction.com\/en\/wp-json\/wp\/v2\/media?parent=12113"}],"wp:term":[{"taxonomy":"online_sale","embeddable":true,"href":"https:\/\/letempsjadisauction.com\/en\/wp-json\/wp\/v2\/online_sale?post=12113"},{"taxonomy":"product_brand","embeddable":true,"href":"https:\/\/letempsjadisauction.com\/en\/wp-json\/wp\/v2\/product_brand?post=12113"},{"taxonomy":"product_cat","embeddable":true,"href":"https:\/\/letempsjadisauction.com\/en\/wp-json\/wp\/v2\/product_cat?post=12113"},{"taxonomy":"product_tag","embeddable":true,"href":"https:\/\/letempsjadisauction.com\/en\/wp-json\/wp\/v2\/product_tag?post=12113"}],"curies":[{"name":"wp","href":"https:\/\/api.w.org\/{rel}","templated":true}]}}