{"id":12135,"date":"2026-02-09T19:33:20","date_gmt":"2026-02-09T19:33:20","guid":{"rendered":"https:\/\/letempsjadisauction.com\/?post_type=product&#038;p=12135"},"modified":"2026-02-22T12:43:30","modified_gmt":"2026-02-22T12:43:30","slug":"48-ecole-francaise-scene-de-priere-au-bord-de-la-mer","status":"publish","type":"product","link":"https:\/\/letempsjadisauction.com\/en\/auction\/48-ecole-francaise-scene-de-priere-au-bord-de-la-mer\/","title":{"rendered":"48. Ecole francaise, Sc\u00e8ne de pri\u00e8re au bord de la mer"},"content":{"rendered":"<p>Ecole francaise, Sc\u00e8ne de pri\u00e8re au bord de la mer, huile sur panneau, cachet de collection \u00e0 la cire rouge, dimensions : 21 x 16cm, 30 x 25 cm<\/p>","protected":false},"excerpt":{"rendered":"<p>Ecole francaise, Sc\u00e8ne de pri\u00e8re au bord de la mer<\/p>","protected":false},"featured_media":12045,"template":"","meta":{"_acf_changed":false,"inline_featured_image":false},"online_sale":[69],"product_brand":[],"product_cat":[18],"product_tag":[],"class_list":{"0":"post-12135","1":"product","2":"type-product","3":"status-publish","4":"has-post-thumbnail","6":"online_sale-fevrier-2026","7":"product_cat-non-classe","9":"first","10":"instock","11":"shipping-taxable","12":"purchasable","13":"product-type-auction"},"acf":[],"_links":{"self":[{"href":"https:\/\/letempsjadisauction.com\/en\/wp-json\/wp\/v2\/product\/12135","targetHints":{"allow":["GET"]}}],"collection":[{"href":"https:\/\/letempsjadisauction.com\/en\/wp-json\/wp\/v2\/product"}],"about":[{"href":"https:\/\/letempsjadisauction.com\/en\/wp-json\/wp\/v2\/types\/product"}],"wp:featuredmedia":[{"embeddable":true,"href":"https:\/\/letempsjadisauction.com\/en\/wp-json\/wp\/v2\/media\/12045"}],"wp:attachment":[{"href":"https:\/\/letempsjadisauction.com\/en\/wp-json\/wp\/v2\/media?parent=12135"}],"wp:term":[{"taxonomy":"online_sale","embeddable":true,"href":"https:\/\/letempsjadisauction.com\/en\/wp-json\/wp\/v2\/online_sale?post=12135"},{"taxonomy":"product_brand","embeddable":true,"href":"https:\/\/letempsjadisauction.com\/en\/wp-json\/wp\/v2\/product_brand?post=12135"},{"taxonomy":"product_cat","embeddable":true,"href":"https:\/\/letempsjadisauction.com\/en\/wp-json\/wp\/v2\/product_cat?post=12135"},{"taxonomy":"product_tag","embeddable":true,"href":"https:\/\/letempsjadisauction.com\/en\/wp-json\/wp\/v2\/product_tag?post=12135"}],"curies":[{"name":"wp","href":"https:\/\/api.w.org\/{rel}","templated":true}]}}