{"id":12154,"date":"2026-02-10T13:34:57","date_gmt":"2026-02-10T13:34:57","guid":{"rendered":"https:\/\/letempsjadisauction.com\/?post_type=product&#038;p=12154"},"modified":"2026-02-22T12:52:20","modified_gmt":"2026-02-22T12:52:20","slug":"57-val-saint-lambert-vsl-vase-la-victoire","status":"publish","type":"product","link":"https:\/\/letempsjadisauction.com\/en\/auction\/57-val-saint-lambert-vsl-vase-la-victoire\/","title":{"rendered":"57. Val saint Lambert, VSL, vase la Victoire"},"content":{"rendered":"<p>Val saint Lambert, VSL, vase la Victoire, vase en deux parties amovibles, cristal taill\u00e9, sign\u00e9 au pied PU (pi\u00e8ce unique), dimensions\u00a0: 83 cm, 31 cm de diam\u00e8tre<\/p>","protected":false},"excerpt":{"rendered":"<p>Val saint Lambert, VSL, vase la Victoire<\/p>","protected":false},"featured_media":12158,"template":"","meta":{"_acf_changed":false,"inline_featured_image":false},"online_sale":[69],"product_brand":[],"product_cat":[18],"product_tag":[],"class_list":{"0":"post-12154","1":"product","2":"type-product","3":"status-publish","4":"has-post-thumbnail","6":"online_sale-fevrier-2026","7":"product_cat-non-classe","9":"first","10":"instock","11":"shipping-taxable","12":"purchasable","13":"product-type-auction"},"acf":[],"_links":{"self":[{"href":"https:\/\/letempsjadisauction.com\/en\/wp-json\/wp\/v2\/product\/12154","targetHints":{"allow":["GET"]}}],"collection":[{"href":"https:\/\/letempsjadisauction.com\/en\/wp-json\/wp\/v2\/product"}],"about":[{"href":"https:\/\/letempsjadisauction.com\/en\/wp-json\/wp\/v2\/types\/product"}],"wp:featuredmedia":[{"embeddable":true,"href":"https:\/\/letempsjadisauction.com\/en\/wp-json\/wp\/v2\/media\/12158"}],"wp:attachment":[{"href":"https:\/\/letempsjadisauction.com\/en\/wp-json\/wp\/v2\/media?parent=12154"}],"wp:term":[{"taxonomy":"online_sale","embeddable":true,"href":"https:\/\/letempsjadisauction.com\/en\/wp-json\/wp\/v2\/online_sale?post=12154"},{"taxonomy":"product_brand","embeddable":true,"href":"https:\/\/letempsjadisauction.com\/en\/wp-json\/wp\/v2\/product_brand?post=12154"},{"taxonomy":"product_cat","embeddable":true,"href":"https:\/\/letempsjadisauction.com\/en\/wp-json\/wp\/v2\/product_cat?post=12154"},{"taxonomy":"product_tag","embeddable":true,"href":"https:\/\/letempsjadisauction.com\/en\/wp-json\/wp\/v2\/product_tag?post=12154"}],"curies":[{"name":"wp","href":"https:\/\/api.w.org\/{rel}","templated":true}]}}