{"id":12193,"date":"2026-02-11T16:22:49","date_gmt":"2026-02-11T16:22:49","guid":{"rendered":"https:\/\/letempsjadisauction.com\/?post_type=product&#038;p=12193"},"modified":"2026-02-11T16:22:49","modified_gmt":"2026-02-11T16:22:49","slug":"117-attribue-a-val-saint-lambert-chat","status":"publish","type":"product","link":"https:\/\/letempsjadisauction.com\/en\/auction\/117-attribue-a-val-saint-lambert-chat\/","title":{"rendered":"117. Attribu\u00e9 \u00e0 Val Saint Lambert \u2014 chat"},"content":{"rendered":"<p>50. Auteur : attribu\u00e9 \u00e0 val saint lambert | Titre : chat | Signature : non | Mat\u00e9riaux : cristal | Dimensions : 13 x 9 cm | \u00c9tat : tr\u00e8s bon \u00e9tat<\/p>","protected":false},"excerpt":{"rendered":"<p>attribu\u00e9 \u00e0 Val Saint Lambert \u2014 chat<\/p>","protected":false},"featured_media":9497,"template":"","meta":{"_acf_changed":false,"inline_featured_image":false},"online_sale":[69],"product_brand":[],"product_cat":[18],"product_tag":[],"class_list":{"0":"post-12193","1":"product","2":"type-product","3":"status-publish","4":"has-post-thumbnail","6":"online_sale-fevrier-2026","7":"product_cat-non-classe","9":"first","10":"instock","11":"shipping-taxable","12":"purchasable","13":"product-type-auction"},"acf":[],"_links":{"self":[{"href":"https:\/\/letempsjadisauction.com\/en\/wp-json\/wp\/v2\/product\/12193","targetHints":{"allow":["GET"]}}],"collection":[{"href":"https:\/\/letempsjadisauction.com\/en\/wp-json\/wp\/v2\/product"}],"about":[{"href":"https:\/\/letempsjadisauction.com\/en\/wp-json\/wp\/v2\/types\/product"}],"wp:featuredmedia":[{"embeddable":true,"href":"https:\/\/letempsjadisauction.com\/en\/wp-json\/wp\/v2\/media\/9497"}],"wp:attachment":[{"href":"https:\/\/letempsjadisauction.com\/en\/wp-json\/wp\/v2\/media?parent=12193"}],"wp:term":[{"taxonomy":"online_sale","embeddable":true,"href":"https:\/\/letempsjadisauction.com\/en\/wp-json\/wp\/v2\/online_sale?post=12193"},{"taxonomy":"product_brand","embeddable":true,"href":"https:\/\/letempsjadisauction.com\/en\/wp-json\/wp\/v2\/product_brand?post=12193"},{"taxonomy":"product_cat","embeddable":true,"href":"https:\/\/letempsjadisauction.com\/en\/wp-json\/wp\/v2\/product_cat?post=12193"},{"taxonomy":"product_tag","embeddable":true,"href":"https:\/\/letempsjadisauction.com\/en\/wp-json\/wp\/v2\/product_tag?post=12193"}],"curies":[{"name":"wp","href":"https:\/\/api.w.org\/{rel}","templated":true}]}}