{"id":12200,"date":"2026-02-11T16:22:50","date_gmt":"2026-02-11T16:22:50","guid":{"rendered":"https:\/\/letempsjadisauction.com\/?post_type=product&#038;p=12200"},"modified":"2026-02-11T16:22:50","modified_gmt":"2026-02-11T16:22:50","slug":"124-anonyme-cygne","status":"publish","type":"product","link":"https:\/\/letempsjadisauction.com\/en\/auction\/124-anonyme-cygne\/","title":{"rendered":"124. Anonyme \u2014 cygne"},"content":{"rendered":"<p>57. Auteur : anonyme | Titre : cygne | Signature : non | Mat\u00e9riaux : verre | Dimensions : 8 x 6 cm | \u00c9tat : tr\u00e8s bon<\/p>","protected":false},"excerpt":{"rendered":"<p>anonyme \u2014 cygne<\/p>","protected":false},"featured_media":9517,"template":"","meta":{"_acf_changed":false,"inline_featured_image":false},"online_sale":[69],"product_brand":[],"product_cat":[18],"product_tag":[],"class_list":{"0":"post-12200","1":"product","2":"type-product","3":"status-publish","4":"has-post-thumbnail","6":"online_sale-fevrier-2026","7":"product_cat-non-classe","9":"first","10":"instock","11":"shipping-taxable","12":"purchasable","13":"product-type-auction"},"acf":[],"_links":{"self":[{"href":"https:\/\/letempsjadisauction.com\/en\/wp-json\/wp\/v2\/product\/12200","targetHints":{"allow":["GET"]}}],"collection":[{"href":"https:\/\/letempsjadisauction.com\/en\/wp-json\/wp\/v2\/product"}],"about":[{"href":"https:\/\/letempsjadisauction.com\/en\/wp-json\/wp\/v2\/types\/product"}],"wp:featuredmedia":[{"embeddable":true,"href":"https:\/\/letempsjadisauction.com\/en\/wp-json\/wp\/v2\/media\/9517"}],"wp:attachment":[{"href":"https:\/\/letempsjadisauction.com\/en\/wp-json\/wp\/v2\/media?parent=12200"}],"wp:term":[{"taxonomy":"online_sale","embeddable":true,"href":"https:\/\/letempsjadisauction.com\/en\/wp-json\/wp\/v2\/online_sale?post=12200"},{"taxonomy":"product_brand","embeddable":true,"href":"https:\/\/letempsjadisauction.com\/en\/wp-json\/wp\/v2\/product_brand?post=12200"},{"taxonomy":"product_cat","embeddable":true,"href":"https:\/\/letempsjadisauction.com\/en\/wp-json\/wp\/v2\/product_cat?post=12200"},{"taxonomy":"product_tag","embeddable":true,"href":"https:\/\/letempsjadisauction.com\/en\/wp-json\/wp\/v2\/product_tag?post=12200"}],"curies":[{"name":"wp","href":"https:\/\/api.w.org\/{rel}","templated":true}]}}