{"id":12209,"date":"2026-02-11T21:15:34","date_gmt":"2026-02-11T21:15:34","guid":{"rendered":"https:\/\/letempsjadisauction.com\/?post_type=product&#038;p=12209"},"modified":"2026-02-22T13:02:04","modified_gmt":"2026-02-22T13:02:04","slug":"63-charles-catteau-1880-1966-vase-lampe-ovoide","status":"publish","type":"product","link":"https:\/\/letempsjadisauction.com\/en\/auction\/63-charles-catteau-1880-1966-vase-lampe-ovoide\/","title":{"rendered":"63. Charles Catteau (1880-1966), vase-lampe ovo\u00efde"},"content":{"rendered":"<p>Charles Catteau (1880-1966), vase-lampe ovo\u00efde, mont\u00e9 en lampe d&rsquo;origine, H. 27 cm<\/p>","protected":false},"excerpt":{"rendered":"<p>Charles Catteau (1880-1966), vase-lampe ovo\u00efde<\/p>","protected":false},"featured_media":12270,"template":"","meta":{"_acf_changed":false,"inline_featured_image":false},"online_sale":[69],"product_brand":[],"product_cat":[18],"product_tag":[],"class_list":{"0":"post-12209","1":"product","2":"type-product","3":"status-publish","4":"has-post-thumbnail","6":"online_sale-fevrier-2026","7":"product_cat-non-classe","9":"first","10":"instock","11":"shipping-taxable","12":"purchasable","13":"product-type-auction"},"acf":[],"_links":{"self":[{"href":"https:\/\/letempsjadisauction.com\/en\/wp-json\/wp\/v2\/product\/12209","targetHints":{"allow":["GET"]}}],"collection":[{"href":"https:\/\/letempsjadisauction.com\/en\/wp-json\/wp\/v2\/product"}],"about":[{"href":"https:\/\/letempsjadisauction.com\/en\/wp-json\/wp\/v2\/types\/product"}],"wp:featuredmedia":[{"embeddable":true,"href":"https:\/\/letempsjadisauction.com\/en\/wp-json\/wp\/v2\/media\/12270"}],"wp:attachment":[{"href":"https:\/\/letempsjadisauction.com\/en\/wp-json\/wp\/v2\/media?parent=12209"}],"wp:term":[{"taxonomy":"online_sale","embeddable":true,"href":"https:\/\/letempsjadisauction.com\/en\/wp-json\/wp\/v2\/online_sale?post=12209"},{"taxonomy":"product_brand","embeddable":true,"href":"https:\/\/letempsjadisauction.com\/en\/wp-json\/wp\/v2\/product_brand?post=12209"},{"taxonomy":"product_cat","embeddable":true,"href":"https:\/\/letempsjadisauction.com\/en\/wp-json\/wp\/v2\/product_cat?post=12209"},{"taxonomy":"product_tag","embeddable":true,"href":"https:\/\/letempsjadisauction.com\/en\/wp-json\/wp\/v2\/product_tag?post=12209"}],"curies":[{"name":"wp","href":"https:\/\/api.w.org\/{rel}","templated":true}]}}