{"id":12370,"date":"2026-02-12T10:22:44","date_gmt":"2026-02-12T10:22:44","guid":{"rendered":"https:\/\/letempsjadisauction.com\/?post_type=product&#038;p=12370"},"modified":"2026-02-22T16:42:27","modified_gmt":"2026-02-22T16:42:27","slug":"173-pot-a-onguents-16-17eme-siecle-et-pilulier-18eme-siecle","status":"publish","type":"product","link":"https:\/\/letempsjadisauction.com\/en\/auction\/173-pot-a-onguents-16-17eme-siecle-et-pilulier-18eme-siecle\/","title":{"rendered":"173. Pot \u00e0 onguents (16-17eme si\u00e8cle) et pilulier (18eme si\u00e8cle)"},"content":{"rendered":"<p>Pot \u00e0 onguents (16-17eme si\u00e8cle) et pilulier (18eme si\u00e8cle), H. 3 et 5 cm<\/p>","protected":false},"excerpt":{"rendered":"<p>Pot \u00e0 onguents (16-17eme si\u00e8cle) et pilulier (18eme si\u00e8cle)<\/p>","protected":false},"featured_media":12401,"template":"","meta":{"_acf_changed":false,"inline_featured_image":false},"online_sale":[69],"product_brand":[],"product_cat":[18],"product_tag":[],"class_list":{"0":"post-12370","1":"product","2":"type-product","3":"status-publish","4":"has-post-thumbnail","6":"online_sale-fevrier-2026","7":"product_cat-non-classe","9":"first","10":"instock","11":"shipping-taxable","12":"purchasable","13":"product-type-auction"},"acf":[],"_links":{"self":[{"href":"https:\/\/letempsjadisauction.com\/en\/wp-json\/wp\/v2\/product\/12370","targetHints":{"allow":["GET"]}}],"collection":[{"href":"https:\/\/letempsjadisauction.com\/en\/wp-json\/wp\/v2\/product"}],"about":[{"href":"https:\/\/letempsjadisauction.com\/en\/wp-json\/wp\/v2\/types\/product"}],"wp:featuredmedia":[{"embeddable":true,"href":"https:\/\/letempsjadisauction.com\/en\/wp-json\/wp\/v2\/media\/12401"}],"wp:attachment":[{"href":"https:\/\/letempsjadisauction.com\/en\/wp-json\/wp\/v2\/media?parent=12370"}],"wp:term":[{"taxonomy":"online_sale","embeddable":true,"href":"https:\/\/letempsjadisauction.com\/en\/wp-json\/wp\/v2\/online_sale?post=12370"},{"taxonomy":"product_brand","embeddable":true,"href":"https:\/\/letempsjadisauction.com\/en\/wp-json\/wp\/v2\/product_brand?post=12370"},{"taxonomy":"product_cat","embeddable":true,"href":"https:\/\/letempsjadisauction.com\/en\/wp-json\/wp\/v2\/product_cat?post=12370"},{"taxonomy":"product_tag","embeddable":true,"href":"https:\/\/letempsjadisauction.com\/en\/wp-json\/wp\/v2\/product_tag?post=12370"}],"curies":[{"name":"wp","href":"https:\/\/api.w.org\/{rel}","templated":true}]}}