{"id":12412,"date":"2026-02-12T13:45:07","date_gmt":"2026-02-12T13:45:07","guid":{"rendered":"https:\/\/letempsjadisauction.com\/?post_type=product&#038;p=12412"},"modified":"2026-02-22T15:12:00","modified_gmt":"2026-02-22T15:12:00","slug":"128-hermaphrodite-borghese-platre-copie-du-musee-du-louvre","status":"publish","type":"product","link":"https:\/\/letempsjadisauction.com\/en\/auction\/128-hermaphrodite-borghese-platre-copie-du-musee-du-louvre\/","title":{"rendered":"128. Hermaphrodite Borghese, Pl\u00e2tre copie du Mus\u00e9e du Louvre"},"content":{"rendered":"<p>Hermaphrodite Borghese, Pl\u00e2tre copie du Mus\u00e9e du Louvre<\/p>","protected":false},"excerpt":{"rendered":"<p>Hermaphrodite Borghese, Pl\u00e2tre copie du Mus\u00e9e du Louvre<\/p>","protected":false},"featured_media":12304,"template":"","meta":{"_acf_changed":false,"inline_featured_image":false},"online_sale":[69],"product_brand":[],"product_cat":[18],"product_tag":[],"class_list":{"0":"post-12412","1":"product","2":"type-product","3":"status-publish","4":"has-post-thumbnail","6":"online_sale-fevrier-2026","7":"product_cat-non-classe","9":"first","10":"instock","11":"shipping-taxable","12":"purchasable","13":"product-type-auction"},"acf":[],"_links":{"self":[{"href":"https:\/\/letempsjadisauction.com\/en\/wp-json\/wp\/v2\/product\/12412","targetHints":{"allow":["GET"]}}],"collection":[{"href":"https:\/\/letempsjadisauction.com\/en\/wp-json\/wp\/v2\/product"}],"about":[{"href":"https:\/\/letempsjadisauction.com\/en\/wp-json\/wp\/v2\/types\/product"}],"wp:featuredmedia":[{"embeddable":true,"href":"https:\/\/letempsjadisauction.com\/en\/wp-json\/wp\/v2\/media\/12304"}],"wp:attachment":[{"href":"https:\/\/letempsjadisauction.com\/en\/wp-json\/wp\/v2\/media?parent=12412"}],"wp:term":[{"taxonomy":"online_sale","embeddable":true,"href":"https:\/\/letempsjadisauction.com\/en\/wp-json\/wp\/v2\/online_sale?post=12412"},{"taxonomy":"product_brand","embeddable":true,"href":"https:\/\/letempsjadisauction.com\/en\/wp-json\/wp\/v2\/product_brand?post=12412"},{"taxonomy":"product_cat","embeddable":true,"href":"https:\/\/letempsjadisauction.com\/en\/wp-json\/wp\/v2\/product_cat?post=12412"},{"taxonomy":"product_tag","embeddable":true,"href":"https:\/\/letempsjadisauction.com\/en\/wp-json\/wp\/v2\/product_tag?post=12412"}],"curies":[{"name":"wp","href":"https:\/\/api.w.org\/{rel}","templated":true}]}}