{"id":12413,"date":"2026-02-12T20:54:51","date_gmt":"2026-02-12T20:54:51","guid":{"rendered":"https:\/\/letempsjadisauction.com\/?post_type=product&#038;p=12413"},"modified":"2026-02-22T15:14:20","modified_gmt":"2026-02-22T15:14:20","slug":"129-bronze-du-benin-leopards","status":"publish","type":"product","link":"https:\/\/letempsjadisauction.com\/en\/auction\/129-bronze-du-benin-leopards\/","title":{"rendered":"129. Bronze du B\u00e9nin, L\u00e9opards"},"content":{"rendered":"<p>Bronze du B\u00e9nin, L\u00e9opards, H. 14 x 15 cm<\/p>","protected":false},"excerpt":{"rendered":"<p>Bronze du B\u00e9nin, L\u00e9opards<\/p>","protected":false},"featured_media":12445,"template":"","meta":{"_acf_changed":false,"inline_featured_image":false},"online_sale":[69],"product_brand":[],"product_cat":[18],"product_tag":[],"class_list":{"0":"post-12413","1":"product","2":"type-product","3":"status-publish","4":"has-post-thumbnail","6":"online_sale-fevrier-2026","7":"product_cat-non-classe","9":"first","10":"instock","11":"shipping-taxable","12":"purchasable","13":"product-type-auction"},"acf":[],"_links":{"self":[{"href":"https:\/\/letempsjadisauction.com\/en\/wp-json\/wp\/v2\/product\/12413","targetHints":{"allow":["GET"]}}],"collection":[{"href":"https:\/\/letempsjadisauction.com\/en\/wp-json\/wp\/v2\/product"}],"about":[{"href":"https:\/\/letempsjadisauction.com\/en\/wp-json\/wp\/v2\/types\/product"}],"wp:featuredmedia":[{"embeddable":true,"href":"https:\/\/letempsjadisauction.com\/en\/wp-json\/wp\/v2\/media\/12445"}],"wp:attachment":[{"href":"https:\/\/letempsjadisauction.com\/en\/wp-json\/wp\/v2\/media?parent=12413"}],"wp:term":[{"taxonomy":"online_sale","embeddable":true,"href":"https:\/\/letempsjadisauction.com\/en\/wp-json\/wp\/v2\/online_sale?post=12413"},{"taxonomy":"product_brand","embeddable":true,"href":"https:\/\/letempsjadisauction.com\/en\/wp-json\/wp\/v2\/product_brand?post=12413"},{"taxonomy":"product_cat","embeddable":true,"href":"https:\/\/letempsjadisauction.com\/en\/wp-json\/wp\/v2\/product_cat?post=12413"},{"taxonomy":"product_tag","embeddable":true,"href":"https:\/\/letempsjadisauction.com\/en\/wp-json\/wp\/v2\/product_tag?post=12413"}],"curies":[{"name":"wp","href":"https:\/\/api.w.org\/{rel}","templated":true}]}}