{"id":12615,"date":"2026-02-25T14:35:19","date_gmt":"2026-02-25T14:35:19","guid":{"rendered":"https:\/\/letempsjadisauction.com\/?post_type=product&#038;p=12615"},"modified":"2026-03-29T12:04:03","modified_gmt":"2026-03-29T12:04:03","slug":"203-louis-van-den-eynde-1881-1966-coin-dune-cour-de-ferme-a-dilbeeck-neerhof-huile-sur-toile","status":"publish","type":"product","link":"https:\/\/letempsjadisauction.com\/en\/auction\/203-louis-van-den-eynde-1881-1966-coin-dune-cour-de-ferme-a-dilbeeck-neerhof-huile-sur-toile\/","title":{"rendered":"3. Louis Van Den Eynde (1881-1966), coin d&rsquo;une cour de ferme \u00e0 Dilbeeck, Neerhof, huile sur toile"},"content":{"rendered":"<p>Louis Van Den Eynde (1881-1966), coin d&rsquo;une cour de ferme \u00e0 Dilbeeck, Neerhof, huile sur toile, 55 x 65 cm, 73 x 83 cm avec cadre, sign\u00e9 et dat\u00e9 en haut \u00e0 droite, 1905, \u00e9tat : un coup dans la toile \u00e0 restaurer.<\/p>\n<p><span class=\"hover:entity-accent entity-underline inline cursor-pointer align-baseline\"><span class=\"whitespace-normal\">Louis Van den Eynde<\/span><\/span> (Anderlecht, 1881 \u2013 1966) est un peintre et graveur belge, \u00e9galement actif comme ferronnier, affichiste et auteur de sgraffites. Form\u00e9 \u00e0 l\u2019Acad\u00e9mie des Beaux-Arts de Bruxelles, il d\u00e9veloppe une \u0153uvre marqu\u00e9e par le r\u00e9alisme, comprenant portraits, figures, paysages et vues de la c\u00f4te belge, notamment \u00e0 La Panne. Exposant r\u00e9gulier en Belgique et en France, il obtient une m\u00e9daille d\u2019argent au Salon d\u2019Automne de Paris en 1936.<\/p>","protected":false},"excerpt":{"rendered":"<p>Louis Van Den Eynde (1881-1966), coin d&rsquo;une cour de ferme \u00e0 Dilbeeck, Neerhof, huile sur toile<\/p>","protected":false},"featured_media":12596,"template":"","meta":{"_acf_changed":false,"inline_featured_image":false},"online_sale":[72],"product_brand":[],"product_cat":[18],"product_tag":[],"class_list":{"0":"post-12615","1":"product","2":"type-product","3":"status-publish","4":"has-post-thumbnail","6":"online_sale-mars-2026","7":"product_cat-non-classe","9":"first","10":"instock","11":"shipping-taxable","12":"purchasable","13":"product-type-auction"},"acf":[],"_links":{"self":[{"href":"https:\/\/letempsjadisauction.com\/en\/wp-json\/wp\/v2\/product\/12615","targetHints":{"allow":["GET"]}}],"collection":[{"href":"https:\/\/letempsjadisauction.com\/en\/wp-json\/wp\/v2\/product"}],"about":[{"href":"https:\/\/letempsjadisauction.com\/en\/wp-json\/wp\/v2\/types\/product"}],"wp:featuredmedia":[{"embeddable":true,"href":"https:\/\/letempsjadisauction.com\/en\/wp-json\/wp\/v2\/media\/12596"}],"wp:attachment":[{"href":"https:\/\/letempsjadisauction.com\/en\/wp-json\/wp\/v2\/media?parent=12615"}],"wp:term":[{"taxonomy":"online_sale","embeddable":true,"href":"https:\/\/letempsjadisauction.com\/en\/wp-json\/wp\/v2\/online_sale?post=12615"},{"taxonomy":"product_brand","embeddable":true,"href":"https:\/\/letempsjadisauction.com\/en\/wp-json\/wp\/v2\/product_brand?post=12615"},{"taxonomy":"product_cat","embeddable":true,"href":"https:\/\/letempsjadisauction.com\/en\/wp-json\/wp\/v2\/product_cat?post=12615"},{"taxonomy":"product_tag","embeddable":true,"href":"https:\/\/letempsjadisauction.com\/en\/wp-json\/wp\/v2\/product_tag?post=12615"}],"curies":[{"name":"wp","href":"https:\/\/api.w.org\/{rel}","templated":true}]}}