{"id":12662,"date":"2026-03-10T21:50:41","date_gmt":"2026-03-10T21:50:41","guid":{"rendered":"https:\/\/letempsjadisauction.com\/?post_type=product&#038;p=12662"},"modified":"2026-03-29T12:28:23","modified_gmt":"2026-03-29T12:28:23","slug":"15-leton-montre-a-gousset-scene-emaillee","status":"publish","type":"product","link":"https:\/\/letempsjadisauction.com\/en\/auction\/15-leton-montre-a-gousset-scene-emaillee\/","title":{"rendered":"15. Leton, Montre \u00e0 gousset, sc\u00e8ne \u00e9maill\u00e9e"},"content":{"rendered":"<p>Leton, Montre \u00e0 gousset, d\u00e9cor\u00e9 \u00e0 l&rsquo;avant d&rsquo;un paysage avec un moulin, et \u00e0 l&rsquo;arri\u00e8re d&rsquo;une sc\u00e8ne \u00e9maill\u00e9e \u00e0 d\u00e9cors de deux femmes \u00e0 cot\u00e9 d&rsquo;une fontaine<\/p>","protected":false},"excerpt":{"rendered":"<p>Leton, Montre \u00e0 gousset, sc\u00e8ne \u00e9maill\u00e9e<\/p>","protected":false},"featured_media":12679,"template":"","meta":{"_acf_changed":false,"inline_featured_image":false},"online_sale":[72],"product_brand":[],"product_cat":[18],"product_tag":[],"class_list":{"0":"post-12662","1":"product","2":"type-product","3":"status-publish","4":"has-post-thumbnail","6":"online_sale-mars-2026","7":"product_cat-non-classe","9":"first","10":"instock","11":"shipping-taxable","12":"purchasable","13":"product-type-auction"},"acf":[],"_links":{"self":[{"href":"https:\/\/letempsjadisauction.com\/en\/wp-json\/wp\/v2\/product\/12662","targetHints":{"allow":["GET"]}}],"collection":[{"href":"https:\/\/letempsjadisauction.com\/en\/wp-json\/wp\/v2\/product"}],"about":[{"href":"https:\/\/letempsjadisauction.com\/en\/wp-json\/wp\/v2\/types\/product"}],"wp:featuredmedia":[{"embeddable":true,"href":"https:\/\/letempsjadisauction.com\/en\/wp-json\/wp\/v2\/media\/12679"}],"wp:attachment":[{"href":"https:\/\/letempsjadisauction.com\/en\/wp-json\/wp\/v2\/media?parent=12662"}],"wp:term":[{"taxonomy":"online_sale","embeddable":true,"href":"https:\/\/letempsjadisauction.com\/en\/wp-json\/wp\/v2\/online_sale?post=12662"},{"taxonomy":"product_brand","embeddable":true,"href":"https:\/\/letempsjadisauction.com\/en\/wp-json\/wp\/v2\/product_brand?post=12662"},{"taxonomy":"product_cat","embeddable":true,"href":"https:\/\/letempsjadisauction.com\/en\/wp-json\/wp\/v2\/product_cat?post=12662"},{"taxonomy":"product_tag","embeddable":true,"href":"https:\/\/letempsjadisauction.com\/en\/wp-json\/wp\/v2\/product_tag?post=12662"}],"curies":[{"name":"wp","href":"https:\/\/api.w.org\/{rel}","templated":true}]}}