{"id":12693,"date":"2026-03-11T06:48:49","date_gmt":"2026-03-11T06:48:49","guid":{"rendered":"https:\/\/letempsjadisauction.com\/?post_type=product&#038;p=12693"},"modified":"2026-03-29T12:36:31","modified_gmt":"2026-03-29T12:36:31","slug":"19-gaston-bogaert-1918-2008-le-cortege-lithographie","status":"publish","type":"product","link":"https:\/\/letempsjadisauction.com\/en\/auction\/19-gaston-bogaert-1918-2008-le-cortege-lithographie\/","title":{"rendered":"19. Gaston Bogaert (1918-2008), Le cort\u00e8ge, lithographie"},"content":{"rendered":"<p>Gaston Bogaert (1918-2008), Le cort\u00e8ge, lithographie,72 x 60 cm, 82 x 67 cm avec passe-partout, \u00c9preuve d&rsquo;artiste, griffe peu visible dans le lac<\/p>","protected":false},"excerpt":{"rendered":"<p>Gaston Bogaert (1918-2008), Le cort\u00e8ge, lithographie<\/p>","protected":false},"featured_media":12722,"template":"","meta":{"_acf_changed":false,"inline_featured_image":false},"online_sale":[72],"product_brand":[],"product_cat":[18],"product_tag":[],"class_list":{"0":"post-12693","1":"product","2":"type-product","3":"status-publish","4":"has-post-thumbnail","6":"online_sale-mars-2026","7":"product_cat-non-classe","9":"first","10":"instock","11":"shipping-taxable","12":"purchasable","13":"product-type-auction"},"acf":[],"_links":{"self":[{"href":"https:\/\/letempsjadisauction.com\/en\/wp-json\/wp\/v2\/product\/12693","targetHints":{"allow":["GET"]}}],"collection":[{"href":"https:\/\/letempsjadisauction.com\/en\/wp-json\/wp\/v2\/product"}],"about":[{"href":"https:\/\/letempsjadisauction.com\/en\/wp-json\/wp\/v2\/types\/product"}],"wp:featuredmedia":[{"embeddable":true,"href":"https:\/\/letempsjadisauction.com\/en\/wp-json\/wp\/v2\/media\/12722"}],"wp:attachment":[{"href":"https:\/\/letempsjadisauction.com\/en\/wp-json\/wp\/v2\/media?parent=12693"}],"wp:term":[{"taxonomy":"online_sale","embeddable":true,"href":"https:\/\/letempsjadisauction.com\/en\/wp-json\/wp\/v2\/online_sale?post=12693"},{"taxonomy":"product_brand","embeddable":true,"href":"https:\/\/letempsjadisauction.com\/en\/wp-json\/wp\/v2\/product_brand?post=12693"},{"taxonomy":"product_cat","embeddable":true,"href":"https:\/\/letempsjadisauction.com\/en\/wp-json\/wp\/v2\/product_cat?post=12693"},{"taxonomy":"product_tag","embeddable":true,"href":"https:\/\/letempsjadisauction.com\/en\/wp-json\/wp\/v2\/product_tag?post=12693"}],"curies":[{"name":"wp","href":"https:\/\/api.w.org\/{rel}","templated":true}]}}