{"id":12737,"date":"2026-03-11T11:43:06","date_gmt":"2026-03-11T11:43:06","guid":{"rendered":"https:\/\/letempsjadisauction.com\/?post_type=product&#038;p=12737"},"modified":"2026-03-29T13:06:04","modified_gmt":"2026-03-29T13:06:04","slug":"34-thailande-statue-de-bouddha-bronze-dore","status":"publish","type":"product","link":"https:\/\/letempsjadisauction.com\/en\/enchere\/34-thailande-statue-de-bouddha-bronze-dore\/","title":{"rendered":"34. Tha\u00eflande, statue de Bouddha, bronze dor\u00e9"},"content":{"rendered":"<p>Tha\u00eflande, statue de Bouddha, bronze dor\u00e9, 21 cm<\/p>","protected":false},"excerpt":{"rendered":"<p>Tha\u00eflande, statue de Bouddha, bronze dor\u00e9<\/p>","protected":false},"featured_media":12765,"template":"","meta":{"_acf_changed":false,"inline_featured_image":false},"online_sale":[72],"product_brand":[],"product_cat":[18],"product_tag":[],"class_list":{"0":"post-12737","1":"product","2":"type-product","3":"status-publish","4":"has-post-thumbnail","6":"online_sale-mars-2026","7":"product_cat-non-classe","9":"first","10":"instock","11":"shipping-taxable","12":"purchasable","13":"product-type-auction"},"acf":[],"_links":{"self":[{"href":"https:\/\/letempsjadisauction.com\/en\/wp-json\/wp\/v2\/product\/12737","targetHints":{"allow":["GET"]}}],"collection":[{"href":"https:\/\/letempsjadisauction.com\/en\/wp-json\/wp\/v2\/product"}],"about":[{"href":"https:\/\/letempsjadisauction.com\/en\/wp-json\/wp\/v2\/types\/product"}],"wp:featuredmedia":[{"embeddable":true,"href":"https:\/\/letempsjadisauction.com\/en\/wp-json\/wp\/v2\/media\/12765"}],"wp:attachment":[{"href":"https:\/\/letempsjadisauction.com\/en\/wp-json\/wp\/v2\/media?parent=12737"}],"wp:term":[{"taxonomy":"online_sale","embeddable":true,"href":"https:\/\/letempsjadisauction.com\/en\/wp-json\/wp\/v2\/online_sale?post=12737"},{"taxonomy":"product_brand","embeddable":true,"href":"https:\/\/letempsjadisauction.com\/en\/wp-json\/wp\/v2\/product_brand?post=12737"},{"taxonomy":"product_cat","embeddable":true,"href":"https:\/\/letempsjadisauction.com\/en\/wp-json\/wp\/v2\/product_cat?post=12737"},{"taxonomy":"product_tag","embeddable":true,"href":"https:\/\/letempsjadisauction.com\/en\/wp-json\/wp\/v2\/product_tag?post=12737"}],"curies":[{"name":"wp","href":"https:\/\/api.w.org\/{rel}","templated":true}]}}