{"id":12751,"date":"2026-03-15T12:32:03","date_gmt":"2026-03-15T12:32:03","guid":{"rendered":"https:\/\/letempsjadisauction.com\/?post_type=product&#038;p=12751"},"modified":"2026-03-15T12:32:05","modified_gmt":"2026-03-15T12:32:05","slug":"48-maurice-langaskens-1884-1946-lithographie-soldat","status":"publish","type":"product","link":"https:\/\/letempsjadisauction.com\/en\/auction\/48-maurice-langaskens-1884-1946-lithographie-soldat\/","title":{"rendered":"48. Maurice Langaskens (1884-1946), lithographie, soldat"},"content":{"rendered":"<p>Maurice Langaskens (1884-1946), soldat, 1917, lithographie, 46 x 58 cm, Le citoyen qui refuse ses services \u00e0 la patrie en danger est indigne de vivre. Francois Gillent de Bruxelles, engag\u00e9 volontaire, prisonnier \u00e0 Gottingen. Sign\u00e9 et dat\u00e9 1917<\/p>","protected":false},"excerpt":{"rendered":"<p>Maurice Langaskens (1884-1946), lithographie, soldat<\/p>","protected":false},"featured_media":13158,"template":"","meta":{"_acf_changed":false,"inline_featured_image":false},"online_sale":[72],"product_brand":[],"product_cat":[18],"product_tag":[],"class_list":{"0":"post-12751","1":"product","2":"type-product","3":"status-publish","4":"has-post-thumbnail","6":"online_sale-mars-2026","7":"product_cat-non-classe","9":"first","10":"instock","11":"shipping-taxable","12":"purchasable","13":"product-type-auction"},"acf":[],"_links":{"self":[{"href":"https:\/\/letempsjadisauction.com\/en\/wp-json\/wp\/v2\/product\/12751","targetHints":{"allow":["GET"]}}],"collection":[{"href":"https:\/\/letempsjadisauction.com\/en\/wp-json\/wp\/v2\/product"}],"about":[{"href":"https:\/\/letempsjadisauction.com\/en\/wp-json\/wp\/v2\/types\/product"}],"wp:featuredmedia":[{"embeddable":true,"href":"https:\/\/letempsjadisauction.com\/en\/wp-json\/wp\/v2\/media\/13158"}],"wp:attachment":[{"href":"https:\/\/letempsjadisauction.com\/en\/wp-json\/wp\/v2\/media?parent=12751"}],"wp:term":[{"taxonomy":"online_sale","embeddable":true,"href":"https:\/\/letempsjadisauction.com\/en\/wp-json\/wp\/v2\/online_sale?post=12751"},{"taxonomy":"product_brand","embeddable":true,"href":"https:\/\/letempsjadisauction.com\/en\/wp-json\/wp\/v2\/product_brand?post=12751"},{"taxonomy":"product_cat","embeddable":true,"href":"https:\/\/letempsjadisauction.com\/en\/wp-json\/wp\/v2\/product_cat?post=12751"},{"taxonomy":"product_tag","embeddable":true,"href":"https:\/\/letempsjadisauction.com\/en\/wp-json\/wp\/v2\/product_tag?post=12751"}],"curies":[{"name":"wp","href":"https:\/\/api.w.org\/{rel}","templated":true}]}}