{"id":12754,"date":"2026-03-11T12:10:32","date_gmt":"2026-03-11T12:10:32","guid":{"rendered":"https:\/\/letempsjadisauction.com\/?post_type=product&#038;p=12754"},"modified":"2026-03-29T13:40:01","modified_gmt":"2026-03-29T13:40:01","slug":"51-ensemble-de-six-cadres-foret-noire-bois-sculpte","status":"publish","type":"product","link":"https:\/\/letempsjadisauction.com\/en\/auction\/51-ensemble-de-six-cadres-foret-noire-bois-sculpte\/","title":{"rendered":"51. Ensemble de six cadres foret noire, bois sculpt\u00e9"},"content":{"rendered":"<p>Ensemble de six cadres foret noire, bois sculpt\u00e9, 5 d&rsquo;un mod\u00e8le, 1 d&rsquo;un autre mod\u00e8le, 22 x 27 cm<\/p>","protected":false},"excerpt":{"rendered":"<p>Ensemble de six cadres foret noire, bois sculpt\u00e9<\/p>","protected":false},"featured_media":12812,"template":"","meta":{"_acf_changed":false,"inline_featured_image":false},"online_sale":[72],"product_brand":[],"product_cat":[18],"product_tag":[],"class_list":{"0":"post-12754","1":"product","2":"type-product","3":"status-publish","4":"has-post-thumbnail","6":"online_sale-mars-2026","7":"product_cat-non-classe","9":"first","10":"instock","11":"shipping-taxable","12":"purchasable","13":"product-type-auction"},"acf":[],"_links":{"self":[{"href":"https:\/\/letempsjadisauction.com\/en\/wp-json\/wp\/v2\/product\/12754","targetHints":{"allow":["GET"]}}],"collection":[{"href":"https:\/\/letempsjadisauction.com\/en\/wp-json\/wp\/v2\/product"}],"about":[{"href":"https:\/\/letempsjadisauction.com\/en\/wp-json\/wp\/v2\/types\/product"}],"wp:featuredmedia":[{"embeddable":true,"href":"https:\/\/letempsjadisauction.com\/en\/wp-json\/wp\/v2\/media\/12812"}],"wp:attachment":[{"href":"https:\/\/letempsjadisauction.com\/en\/wp-json\/wp\/v2\/media?parent=12754"}],"wp:term":[{"taxonomy":"online_sale","embeddable":true,"href":"https:\/\/letempsjadisauction.com\/en\/wp-json\/wp\/v2\/online_sale?post=12754"},{"taxonomy":"product_brand","embeddable":true,"href":"https:\/\/letempsjadisauction.com\/en\/wp-json\/wp\/v2\/product_brand?post=12754"},{"taxonomy":"product_cat","embeddable":true,"href":"https:\/\/letempsjadisauction.com\/en\/wp-json\/wp\/v2\/product_cat?post=12754"},{"taxonomy":"product_tag","embeddable":true,"href":"https:\/\/letempsjadisauction.com\/en\/wp-json\/wp\/v2\/product_tag?post=12754"}],"curies":[{"name":"wp","href":"https:\/\/api.w.org\/{rel}","templated":true}]}}