{"id":12822,"date":"2026-03-12T13:17:52","date_gmt":"2026-03-12T13:17:52","guid":{"rendered":"https:\/\/letempsjadisauction.com\/?post_type=product&#038;p=12822"},"modified":"2026-03-29T13:46:01","modified_gmt":"2026-03-29T13:46:01","slug":"54-dominique-piechaud-1922-2011-plaque-en-bronze-representant-la-vierge-a-lenfant","status":"publish","type":"product","link":"https:\/\/letempsjadisauction.com\/en\/auction\/54-dominique-piechaud-1922-2011-plaque-en-bronze-representant-la-vierge-a-lenfant\/","title":{"rendered":"54. Dominique Piechaud (1922-2011), plaque en bronze repr\u00e9sentant la Vierge \u00e0 l&rsquo;enfant"},"content":{"rendered":"<p>Dominique Piechaud (1922-2011), plaque en bronze repr\u00e9sentant la Vierge \u00e0 l&rsquo;enfant, 15 x 11 cm<\/p>","protected":false},"excerpt":{"rendered":"<p>Dominique Piechaud (1922-2011), plaque en bronze repr\u00e9sentant la Vierge \u00e0 l&rsquo;enfant<\/p>","protected":false},"featured_media":12872,"template":"","meta":{"_acf_changed":false,"inline_featured_image":false},"online_sale":[72],"product_brand":[],"product_cat":[18],"product_tag":[],"class_list":{"0":"post-12822","1":"product","2":"type-product","3":"status-publish","4":"has-post-thumbnail","6":"online_sale-mars-2026","7":"product_cat-non-classe","9":"first","10":"instock","11":"shipping-taxable","12":"purchasable","13":"product-type-auction"},"acf":[],"_links":{"self":[{"href":"https:\/\/letempsjadisauction.com\/en\/wp-json\/wp\/v2\/product\/12822","targetHints":{"allow":["GET"]}}],"collection":[{"href":"https:\/\/letempsjadisauction.com\/en\/wp-json\/wp\/v2\/product"}],"about":[{"href":"https:\/\/letempsjadisauction.com\/en\/wp-json\/wp\/v2\/types\/product"}],"wp:featuredmedia":[{"embeddable":true,"href":"https:\/\/letempsjadisauction.com\/en\/wp-json\/wp\/v2\/media\/12872"}],"wp:attachment":[{"href":"https:\/\/letempsjadisauction.com\/en\/wp-json\/wp\/v2\/media?parent=12822"}],"wp:term":[{"taxonomy":"online_sale","embeddable":true,"href":"https:\/\/letempsjadisauction.com\/en\/wp-json\/wp\/v2\/online_sale?post=12822"},{"taxonomy":"product_brand","embeddable":true,"href":"https:\/\/letempsjadisauction.com\/en\/wp-json\/wp\/v2\/product_brand?post=12822"},{"taxonomy":"product_cat","embeddable":true,"href":"https:\/\/letempsjadisauction.com\/en\/wp-json\/wp\/v2\/product_cat?post=12822"},{"taxonomy":"product_tag","embeddable":true,"href":"https:\/\/letempsjadisauction.com\/en\/wp-json\/wp\/v2\/product_tag?post=12822"}],"curies":[{"name":"wp","href":"https:\/\/api.w.org\/{rel}","templated":true}]}}