{"id":12823,"date":"2026-03-12T13:18:37","date_gmt":"2026-03-12T13:18:37","guid":{"rendered":"https:\/\/letempsjadisauction.com\/?post_type=product&#038;p=12823"},"modified":"2026-03-29T13:48:03","modified_gmt":"2026-03-29T13:48:03","slug":"55-russie-icone-en-laiton-representant-la-vierge-a-lenfant","status":"publish","type":"product","link":"https:\/\/letempsjadisauction.com\/en\/auction\/55-russie-icone-en-laiton-representant-la-vierge-a-lenfant\/","title":{"rendered":"55. Russie, ic\u00f4ne en  laiton repr\u00e9sentant la Vierge \u00e0 l&rsquo;enfant"},"content":{"rendered":"<p>Russie, ic\u00f4ne en laiton repr\u00e9sentant la Vierge \u00e0 l&rsquo;enfant, mod\u00e8le du 18-19eme si\u00e8cle, 12 x 8 cm<\/p>","protected":false},"excerpt":{"rendered":"<p>Russie, ic\u00f4ne en laiton repr\u00e9sentant la Vierge \u00e0 l&rsquo;enfant<\/p>","protected":false},"featured_media":12874,"template":"","meta":{"_acf_changed":false,"inline_featured_image":false},"online_sale":[72],"product_brand":[],"product_cat":[18],"product_tag":[],"class_list":{"0":"post-12823","1":"product","2":"type-product","3":"status-publish","4":"has-post-thumbnail","6":"online_sale-mars-2026","7":"product_cat-non-classe","9":"first","10":"instock","11":"shipping-taxable","12":"purchasable","13":"product-type-auction"},"acf":[],"_links":{"self":[{"href":"https:\/\/letempsjadisauction.com\/en\/wp-json\/wp\/v2\/product\/12823","targetHints":{"allow":["GET"]}}],"collection":[{"href":"https:\/\/letempsjadisauction.com\/en\/wp-json\/wp\/v2\/product"}],"about":[{"href":"https:\/\/letempsjadisauction.com\/en\/wp-json\/wp\/v2\/types\/product"}],"wp:featuredmedia":[{"embeddable":true,"href":"https:\/\/letempsjadisauction.com\/en\/wp-json\/wp\/v2\/media\/12874"}],"wp:attachment":[{"href":"https:\/\/letempsjadisauction.com\/en\/wp-json\/wp\/v2\/media?parent=12823"}],"wp:term":[{"taxonomy":"online_sale","embeddable":true,"href":"https:\/\/letempsjadisauction.com\/en\/wp-json\/wp\/v2\/online_sale?post=12823"},{"taxonomy":"product_brand","embeddable":true,"href":"https:\/\/letempsjadisauction.com\/en\/wp-json\/wp\/v2\/product_brand?post=12823"},{"taxonomy":"product_cat","embeddable":true,"href":"https:\/\/letempsjadisauction.com\/en\/wp-json\/wp\/v2\/product_cat?post=12823"},{"taxonomy":"product_tag","embeddable":true,"href":"https:\/\/letempsjadisauction.com\/en\/wp-json\/wp\/v2\/product_tag?post=12823"}],"curies":[{"name":"wp","href":"https:\/\/api.w.org\/{rel}","templated":true}]}}