{"id":12935,"date":"2026-03-13T16:50:27","date_gmt":"2026-03-13T16:50:27","guid":{"rendered":"https:\/\/letempsjadisauction.com\/?post_type=product&#038;p=12935"},"modified":"2026-03-29T14:56:02","modified_gmt":"2026-03-29T14:56:02","slug":"88-emile-galle-1846-1904-vase-balustre-en-verre-souffle","status":"publish","type":"product","link":"https:\/\/letempsjadisauction.com\/en\/auction\/88-emile-galle-1846-1904-vase-balustre-en-verre-souffle\/","title":{"rendered":"88. \u00c9mile Gall\u00e9 (1846-1904), vase balustre en verre souffl\u00e9"},"content":{"rendered":"<p>Emile Gall\u00e9 (1846-1904), vase balustre en verre souffl\u00e9 \u00e0 d\u00e9cors de quetsches, H. 40 cm<\/p>","protected":false},"excerpt":{"rendered":"<p>\u00c9mile Gall\u00e9 (1846-1904), vase balustre en verre souffl\u00e9<\/p>","protected":false},"featured_media":13010,"template":"","meta":{"_acf_changed":false,"inline_featured_image":false},"online_sale":[72],"product_brand":[],"product_cat":[18],"product_tag":[],"class_list":{"0":"post-12935","1":"product","2":"type-product","3":"status-publish","4":"has-post-thumbnail","6":"online_sale-mars-2026","7":"product_cat-non-classe","9":"first","10":"instock","11":"shipping-taxable","12":"purchasable","13":"product-type-auction"},"acf":[],"_links":{"self":[{"href":"https:\/\/letempsjadisauction.com\/en\/wp-json\/wp\/v2\/product\/12935","targetHints":{"allow":["GET"]}}],"collection":[{"href":"https:\/\/letempsjadisauction.com\/en\/wp-json\/wp\/v2\/product"}],"about":[{"href":"https:\/\/letempsjadisauction.com\/en\/wp-json\/wp\/v2\/types\/product"}],"wp:featuredmedia":[{"embeddable":true,"href":"https:\/\/letempsjadisauction.com\/en\/wp-json\/wp\/v2\/media\/13010"}],"wp:attachment":[{"href":"https:\/\/letempsjadisauction.com\/en\/wp-json\/wp\/v2\/media?parent=12935"}],"wp:term":[{"taxonomy":"online_sale","embeddable":true,"href":"https:\/\/letempsjadisauction.com\/en\/wp-json\/wp\/v2\/online_sale?post=12935"},{"taxonomy":"product_brand","embeddable":true,"href":"https:\/\/letempsjadisauction.com\/en\/wp-json\/wp\/v2\/product_brand?post=12935"},{"taxonomy":"product_cat","embeddable":true,"href":"https:\/\/letempsjadisauction.com\/en\/wp-json\/wp\/v2\/product_cat?post=12935"},{"taxonomy":"product_tag","embeddable":true,"href":"https:\/\/letempsjadisauction.com\/en\/wp-json\/wp\/v2\/product_tag?post=12935"}],"curies":[{"name":"wp","href":"https:\/\/api.w.org\/{rel}","templated":true}]}}