{"id":12948,"date":"2026-03-13T16:42:23","date_gmt":"2026-03-13T16:42:23","guid":{"rendered":"https:\/\/letempsjadisauction.com\/?post_type=product&#038;p=12948"},"modified":"2026-03-29T15:22:01","modified_gmt":"2026-03-29T15:22:01","slug":"101-jean-de-lespinasse-1896-1979-plaque-en-ceramique-emaillee","status":"publish","type":"product","link":"https:\/\/letempsjadisauction.com\/en\/auction\/101-jean-de-lespinasse-1896-1979-plaque-en-ceramique-emaillee\/","title":{"rendered":"101. Jean de Lespinasse (1896-1979), plaque en c\u00e9ramique \u00e9maill\u00e9e"},"content":{"rendered":"<p>Jean de Lespinasse (1896-1979), plaque en c\u00e9ramique \u00e9maill\u00e9e, 50,5 x 35 cm<\/p>","protected":false},"excerpt":{"rendered":"<p>Jean de Lespinasse (1896-1979), plaque en c\u00e9ramique \u00e9maill\u00e9e<\/p>","protected":false},"featured_media":13007,"template":"","meta":{"_acf_changed":false,"inline_featured_image":false},"online_sale":[72],"product_brand":[],"product_cat":[18],"product_tag":[],"class_list":{"0":"post-12948","1":"product","2":"type-product","3":"status-publish","4":"has-post-thumbnail","6":"online_sale-mars-2026","7":"product_cat-non-classe","9":"first","10":"instock","11":"shipping-taxable","12":"purchasable","13":"product-type-auction"},"acf":[],"_links":{"self":[{"href":"https:\/\/letempsjadisauction.com\/en\/wp-json\/wp\/v2\/product\/12948","targetHints":{"allow":["GET"]}}],"collection":[{"href":"https:\/\/letempsjadisauction.com\/en\/wp-json\/wp\/v2\/product"}],"about":[{"href":"https:\/\/letempsjadisauction.com\/en\/wp-json\/wp\/v2\/types\/product"}],"wp:featuredmedia":[{"embeddable":true,"href":"https:\/\/letempsjadisauction.com\/en\/wp-json\/wp\/v2\/media\/13007"}],"wp:attachment":[{"href":"https:\/\/letempsjadisauction.com\/en\/wp-json\/wp\/v2\/media?parent=12948"}],"wp:term":[{"taxonomy":"online_sale","embeddable":true,"href":"https:\/\/letempsjadisauction.com\/en\/wp-json\/wp\/v2\/online_sale?post=12948"},{"taxonomy":"product_brand","embeddable":true,"href":"https:\/\/letempsjadisauction.com\/en\/wp-json\/wp\/v2\/product_brand?post=12948"},{"taxonomy":"product_cat","embeddable":true,"href":"https:\/\/letempsjadisauction.com\/en\/wp-json\/wp\/v2\/product_cat?post=12948"},{"taxonomy":"product_tag","embeddable":true,"href":"https:\/\/letempsjadisauction.com\/en\/wp-json\/wp\/v2\/product_tag?post=12948"}],"curies":[{"name":"wp","href":"https:\/\/api.w.org\/{rel}","templated":true}]}}